{"id":26,"date":"2014-11-17T09:06:40","date_gmt":"2014-11-17T09:06:40","guid":{"rendered":"http:\/\/pubweb.carnet.hr\/ssssisn\/?page_id=26"},"modified":"2018-10-22T21:29:23","modified_gmt":"2018-10-22T20:29:23","slug":"dokumentacija","status":"publish","type":"page","link":"https:\/\/skolski-sportski-savez-samobora-i-svete-nedelje.hr\/?page_id=26","title":{"rendered":"dokumentacija"},"content":{"rendered":"<p><a href=\"https:\/\/drive.google.com\/file\/d\/0B8sCs45IAEZjbm4yVlpTT0s5WjZFaWdGZUdFeE1FZFc4dVVF\/view?usp=sharing\">ODLUKA O DONO\u0160ENJU KRITERIJA ZA NAJSPORTA\u0160A U \u0160KOLSKOM SPORTU<\/a><\/p>\n<p><a href=\"https:\/\/drive.google.com\/file\/d\/0B8sCs45IAEZjRVVPbWNNRU8xV3pVQWRmclVGWWZ5Q2IxaURj\/view?usp=sharing\">ODLUKA O SUSTAVU ODIGRAVANJA GRADSKIH NATJECANJA<\/a><\/p>\n<p><a title=\"DISCIPLINSKI PROPISNIK \u0160\u0160S\" href=\"http:\/\/pubweb.carnet.hr\/ssssisn\/disciplinski-propisnik-sss\/\">DISCIPLINSKI PROPISNIK \u0160\u0160S<\/a><\/p>\n<p><a title=\"NATJECATELJSKI PROPISNIK\" href=\"http:\/\/pubweb.carnet.hr\/ssssisn\/natjecateljski-propisnik\/\">NATJECATELJSKI PROPISNIK \u0160\u0160D<\/a><\/p>\n<p><a title=\"Op\u0107i propisnik \u0160kolskog \u0161portskog dru\u0161tva\" href=\"http:\/\/pubweb.carnet.hr\/ssssisn\/opci-propisnik-skolskog-sportskog-drustva\/\">OP\u0106I PROPISNIK \u00a0\u0160\u0160D<\/a><\/p>\n<p><a title=\"Plan i program USS\" href=\"http:\/\/pubweb.carnet.hr\/ssssisn\/plan-i-program-uss\/\">PLAN I PROGRAM USS<\/a><\/p>\n<p><a title=\"Poslovnik o radu izvr\u0161nog odbora\" href=\"http:\/\/pubweb.carnet.hr\/ssssisn\/poslovnik-o-radu-izvrsnog-odbora\/\">POSLOVNIK O RADU IZVR\u0160NOG ODBORA<\/a><\/p>\n<p><a title=\"Pravila obavljanja du\u017enosti voditelja natjecanja\" href=\"http:\/\/pubweb.carnet.hr\/ssssisn\/pravila-obavljanja-duznosti-voditelja-natjecanja\/\">PRAVILA OBAVLJANJA DU\u017dNOSTI VODITELJA NATJECANJA<\/a><\/p>\n<p><a title=\"Propisnik Dr\u017eavnog prvenstva \u0161kolskih sportskih dru\u0161tava RH 5-6\" href=\"http:\/\/pubweb.carnet.hr\/ssssisn\/396-2\/\">PROPISNIK DP &#8211; 5 I 6 . -2014.\/2015.<\/a><\/p>\n<p><a title=\"Propisnik Dr\u017eavnog povjerenstva \u0161kolskih sportskih dru\u0161tava RH\" href=\"http:\/\/pubweb.carnet.hr\/ssssisn\/propisnik-drzavnog-povjerenstva-skolskih-sportskih-drustava-rh\/\">PROPISNIK DP &#8211; O\u0160 I S\u0160 &#8211; 2014.\/2015.<\/a><\/p>\n<p><a title=\"Statut \u0160kolskog \u0161portskog dru\u0161tva Samobora i Svete Nedelje\" href=\"http:\/\/pubweb.carnet.hr\/ssssisn\/statut-skolskog-sportskog-drustva-samobora-i-svete-nedelje\/\">STATUT \u00a0\u0160\u0160D -20. 4. 2007.<\/a><\/p>\n<p><a href=\"https:\/\/pubweb.carnet.hr\/ssssisn\/wp-admin\/upload.php?item=205\">\u00a0<\/a><\/p>\n","protected":false},"excerpt":{"rendered":"<p>ODLUKA O DONO\u0160ENJU KRITERIJA ZA NAJSPORTA\u0160A U \u0160KOLSKOM SPORTU ODLUKA O SUSTAVU ODIGRAVANJA GRADSKIH NATJECANJA DISCIPLINSKI PROPISNIK \u0160\u0160S NATJECATELJSKI PROPISNIK \u0160\u0160D OP\u0106I PROPISNIK \u00a0\u0160\u0160D PLAN I PROGRAM USS POSLOVNIK O RADU IZVR\u0160NOG ODBORA PRAVILA OBAVLJANJA DU\u017dNOSTI VODITELJA NATJECANJA PROPISNIK DP &#8211; 5 I 6 . -2014.\/2015. PROPISNIK DP &#8211; O\u0160 I S\u0160 &#8211; 2014.\/2015. STATUT <a href=\"https:\/\/skolski-sportski-savez-samobora-i-svete-nedelje.hr\/?page_id=26\" rel=\"nofollow\"><span class=\"sr-only\">Read more about dokumentacija<\/span>[&hellip;]<\/a><\/p>\n","protected":false},"author":281,"featured_media":0,"parent":0,"menu_order":0,"comment_status":"closed","ping_status":"closed","template":"","meta":{"footnotes":""},"class_list":["post-26","page","type-page","status-publish","hentry"],"_links":{"self":[{"href":"https:\/\/skolski-sportski-savez-samobora-i-svete-nedelje.hr\/index.php?rest_route=\/wp\/v2\/pages\/26","targetHints":{"allow":["GET"]}}],"collection":[{"href":"https:\/\/skolski-sportski-savez-samobora-i-svete-nedelje.hr\/index.php?rest_route=\/wp\/v2\/pages"}],"about":[{"href":"https:\/\/skolski-sportski-savez-samobora-i-svete-nedelje.hr\/index.php?rest_route=\/wp\/v2\/types\/page"}],"author":[{"embeddable":true,"href":"https:\/\/skolski-sportski-savez-samobora-i-svete-nedelje.hr\/index.php?rest_route=\/wp\/v2\/users\/281"}],"replies":[{"embeddable":true,"href":"https:\/\/skolski-sportski-savez-samobora-i-svete-nedelje.hr\/index.php?rest_route=%2Fwp%2Fv2%2Fcomments&post=26"}],"version-history":[{"count":3,"href":"https:\/\/skolski-sportski-savez-samobora-i-svete-nedelje.hr\/index.php?rest_route=\/wp\/v2\/pages\/26\/revisions"}],"predecessor-version":[{"id":1668,"href":"https:\/\/skolski-sportski-savez-samobora-i-svete-nedelje.hr\/index.php?rest_route=\/wp\/v2\/pages\/26\/revisions\/1668"}],"wp:attachment":[{"href":"https:\/\/skolski-sportski-savez-samobora-i-svete-nedelje.hr\/index.php?rest_route=%2Fwp%2Fv2%2Fmedia&parent=26"}],"curies":[{"name":"wp","href":"https:\/\/api.w.org\/{rel}","templated":true}]}}