{"id":2176,"date":"2023-02-06T20:44:12","date_gmt":"2023-02-06T19:44:12","guid":{"rendered":"http:\/\/pubweb.carnet.hr\/ssssisn\/?page_id=2176"},"modified":"2025-12-14T20:44:57","modified_gmt":"2025-12-14T19:44:57","slug":"badminton","status":"publish","type":"page","link":"https:\/\/skolski-sportski-savez-samobora-i-svete-nedelje.hr\/?page_id=2176","title":{"rendered":"Badminton"},"content":{"rendered":"<p><a href=\"http:\/\/pubweb.carnet.hr\/ssssisn\/2025\/12\/14\/gradsko-natjecanje-u-badmintonu-za-osnovne-skole\/\">Gradsko natjecanje u badmintonu za dje\u010dake i djevoj\u010dice &#8211; 3. 12, 2025.<\/a><\/p>\n<p><a href=\"http:\/\/skolski-sportski-savez-samobora-i-svete-nedelje.hr\/2024\/12\/04\/gradsko-natjecanje-u-badmintonu-za-djecake\/\">Gradsko natjecanje u badmintonu za dje\u010dake &#8211; 29.11.2024.<\/a><\/p>\n<p><a href=\"http:\/\/skolski-sportski-savez-samobora-i-svete-nedelje.hr\/2024\/01\/22\/gradsko-natjecanje-u-badmintonu\/\">Gradsko natjecanje u badmintonu za dje\u010dake i djevoj\u010dice &#8211; 18. 1. 2024.<\/a><\/p>\n<p><a href=\"http:\/\/pubweb.carnet.hr\/ssssisn\/2023\/02\/06\/gradsko-natjecanje-u-badmintonu-za-djevojcice-osnovnih-skola\/\">Gradsko natjecanje za djevoj\u010dice &#8211; 28. sije\u010dnja 2023.<\/a><\/p>\n","protected":false},"excerpt":{"rendered":"<p>Gradsko natjecanje u badmintonu za dje\u010dake i djevoj\u010dice &#8211; 3. 12, 2025. Gradsko natjecanje u badmintonu za dje\u010dake &#8211; 29.11.2024. Gradsko natjecanje u badmintonu za dje\u010dake i djevoj\u010dice &#8211; 18. 1. 2024. Gradsko natjecanje za djevoj\u010dice &#8211; 28. sije\u010dnja 2023.<\/p>\n","protected":false},"author":367,"featured_media":0,"parent":0,"menu_order":0,"comment_status":"closed","ping_status":"closed","template":"","meta":{"footnotes":""},"class_list":["post-2176","page","type-page","status-publish","hentry"],"_links":{"self":[{"href":"https:\/\/skolski-sportski-savez-samobora-i-svete-nedelje.hr\/index.php?rest_route=\/wp\/v2\/pages\/2176","targetHints":{"allow":["GET"]}}],"collection":[{"href":"https:\/\/skolski-sportski-savez-samobora-i-svete-nedelje.hr\/index.php?rest_route=\/wp\/v2\/pages"}],"about":[{"href":"https:\/\/skolski-sportski-savez-samobora-i-svete-nedelje.hr\/index.php?rest_route=\/wp\/v2\/types\/page"}],"author":[{"embeddable":true,"href":"https:\/\/skolski-sportski-savez-samobora-i-svete-nedelje.hr\/index.php?rest_route=\/wp\/v2\/users\/367"}],"replies":[{"embeddable":true,"href":"https:\/\/skolski-sportski-savez-samobora-i-svete-nedelje.hr\/index.php?rest_route=%2Fwp%2Fv2%2Fcomments&post=2176"}],"version-history":[{"count":2,"href":"https:\/\/skolski-sportski-savez-samobora-i-svete-nedelje.hr\/index.php?rest_route=\/wp\/v2\/pages\/2176\/revisions"}],"predecessor-version":[{"id":2855,"href":"https:\/\/skolski-sportski-savez-samobora-i-svete-nedelje.hr\/index.php?rest_route=\/wp\/v2\/pages\/2176\/revisions\/2855"}],"wp:attachment":[{"href":"https:\/\/skolski-sportski-savez-samobora-i-svete-nedelje.hr\/index.php?rest_route=%2Fwp%2Fv2%2Fmedia&parent=2176"}],"curies":[{"name":"wp","href":"https:\/\/api.w.org\/{rel}","templated":true}]}}