{"id":144,"date":"2014-11-19T11:03:27","date_gmt":"2014-11-19T11:03:27","guid":{"rendered":"http:\/\/pubweb.carnet.hr\/ssssisn\/?page_id=144"},"modified":"2017-12-19T16:48:34","modified_gmt":"2017-12-19T15:48:34","slug":"kontakti","status":"publish","type":"page","link":"https:\/\/skolski-sportski-savez-samobora-i-svete-nedelje.hr\/?page_id=144","title":{"rendered":"kontakti"},"content":{"rendered":"<h1><span style=\"color: #0000ff\">\u0160kolski \u0161portski savez Samobora i Svete Nedelje<\/span><\/h1>\n<p><a href=\"http:\/\/pubweb.carnet.hr\/ssssisn\/wp-content\/uploads\/sites\/263\/2014\/12\/Sa\u0161a-Kolman.jpg\"><img loading=\"lazy\" decoding=\"async\" class=\"alignnone wp-image-689\" src=\"http:\/\/pubweb.carnet.hr\/ssssisn\/wp-content\/uploads\/sites\/263\/2014\/12\/Sa\u0161a-Kolman.jpg\" alt=\"Sa\u0161a Kolman\" width=\"124\" height=\"157\" \/><\/a>\u00a0 \u00a0 \u00a0 \u00a0 \u00a0 \u00a0 \u00a0 \u00a0 \u00a0 \u00a0 \u00a0 \u00a0 \u00a0 \u00a0 \u00a0 \u00a0 \u00a0 \u00a0 \u00a0 \u00a0 \u00a0 \u00a0 \u00a0 \u00a0 \u00a0 \u00a0 \u00a0 \u00a0 \u00a0 \u00a0 \u00a0 \u00a0 \u00a0 \u00a0\u00a0<a href=\"http:\/\/pubweb.carnet.hr\/ssssisn\/wp-content\/uploads\/sites\/263\/2014\/12\/Zdravko-Frajt.jpg\"><img loading=\"lazy\" decoding=\"async\" class=\"alignnone wp-image-693\" src=\"http:\/\/pubweb.carnet.hr\/ssssisn\/wp-content\/uploads\/sites\/263\/2014\/12\/Zdravko-Frajt.jpg\" alt=\"Zdravko Frajt\" width=\"138\" height=\"152\" \/><\/a><\/p>\n<p>Predsjednik :\u00a0 Sa\u0161a Kolman\u00a0\u00a0\u00a0\u00a0\u00a0\u00a0\u00a0\u00a0\u00a0\u00a0\u00a0\u00a0\u00a0\u00a0\u00a0\u00a0\u00a0\u00a0\u00a0\u00a0\u00a0\u00a0\u00a0\u00a0\u00a0\u00a0\u00a0\u00a0\u00a0\u00a0\u00a0\u00a0\u00a0\u00a0\u00a0\u00a0\u00a0\u00a0\u00a0\u00a0\u00a0\u00a0\u00a0\u00a0\u00a0\u00a0\u00a0\u00a0\u00a0\u00a0\u00a0 Tajnik: Zdravko Frajt, \u00a0 \u00a0 \u00a0 \u00a0 \u00a0 \u00a0 \u00a0 \u00a0 \u00a0 \u00a0 \u00a0 \u00a0 \u00a0 \u00a0 \u00a0 \u00a0 \u00a0 \u00a0 \u00a0 \u00a0 \u00a0 \u00a0 \u00a0 \u00a0 \u00a0 \u00a0 \u00a0 \u00a0 \u00a0 \u00a0 \u00a0 \u00a0 \u00a0 \u00a0 \u00a0 \u00a0 \u00a0 \u00a0 \u00a0 \u00a0 \u00a0 \u00a0 \u00a0 \u00a0 \u00a0 \u00a0 \u00a0 \u00a0 \u00a0 \u00a0 \u00a0 \u00a0 \u00a0 \u00a0 \u00a0 \u00a0 \u00a0 \u00a0 \u00a0 \u00a0 \u00a0 \u00a0 \u00a0 \u00a0 \u00a0 \u00a0 \u00a0 e-mail: zdravko.frajt@inet.hr \u00a0 \u00a0 \u00a0 \u00a0 \u00a0 \u00a0 \u00a0 \u00a0 \u00a0 \u00a0 \u00a0 \u00a0 \u00a0 \u00a0 \u00a0 \u00a0 \u00a0 \u00a0 \u00a0 \u00a0 \u00a0 \u00a0 \u00a0 \u00a0 \u00a0 \u00a0 \u00a0 \u00a0 \u00a0 \u00a0 \u00a0 \u00a0 \u00a0 \u00a0 \u00a0 \u00a0 \u00a0 \u00a0 \u00a0 \u00a0 \u00a0 \u00a0 \u00a0 \u00a0 \u00a0 \u00a0 \u00a0 \u00a0 \u00a0 \u00a0 \u00a0 \u00a0 \u00a0 \u00a0 \u00a0 \u00a0 \u00a0 \u00a0 \u00a0 \u00a0 \u00a0mobitel: \u00a0098\/9757-330<\/p>\n<h1 style=\"text-align: center\"><span style=\"text-decoration: underline\"><span style=\"color: #0000ff\"><strong>OSNOVNE \u0160KOLE<\/strong><\/span><\/span><\/h1>\n<h2><span style=\"color: #3366ff\">OSNOVNA \u0160KOLA BOGUMIL\u00a0 TONI<\/span><\/h2>\n<p><strong>\u0160KOLSKO \u0160PORTSKO DRU\u0160TVO\u00a0 BOGUMILAC<\/strong> \u00a0 \u00a0 \u00a0 \u00a0 \u00a0 \u00a0 \u00a0 \u00a0 \u00a0 \u00a0 \u00a0 \u00a0 \u00a0 \u00a0 \u00a0 \u00a0 \u00a0 \u00a0 \u00a0 \u00a0 \u00a0 \u00a0 \u00a0 \u00a0 \u00a0 \u00a0 \u00a0 \u00a0 \u00a0 \u00a0 \u00a0 \u00a0 \u00a0 \u00a0 \u00a0 \u00a0 \u00a0 \u00a0 \u00a0 \u00a0 \u00a0 Ivana Perkovca 90, Samobor<\/p>\n<p><a href=\"http:\/\/pubweb.carnet.hr\/ssssisn\/wp-content\/uploads\/sites\/263\/2014\/12\/Zoran-Raj\u010devi\u0107.jpg\"><img loading=\"lazy\" decoding=\"async\" class=\"alignnone size-full wp-image-695\" src=\"http:\/\/pubweb.carnet.hr\/ssssisn\/wp-content\/uploads\/sites\/263\/2014\/12\/Zoran-Raj\u010devi\u0107.jpg\" alt=\"Zoran Raj\u010devi\u0107\" width=\"148\" height=\"160\" \/><\/a>\u00a0 \u00a0 \u00a0 \u00a0 \u00a0 \u00a0 \u00a0 \u00a0 \u00a0 \u00a0 \u00a0 \u00a0 \u00a0<a href=\"http:\/\/pubweb.carnet.hr\/ssssisn\/wp-content\/uploads\/sites\/263\/2014\/12\/Ismeta-\u010cerkez.jpg\"><img loading=\"lazy\" decoding=\"async\" class=\"alignnone wp-image-681\" src=\"http:\/\/pubweb.carnet.hr\/ssssisn\/wp-content\/uploads\/sites\/263\/2014\/12\/Ismeta-\u010cerkez.jpg\" alt=\"Ismeta \u010cerkez\" width=\"109\" height=\"159\" \/><\/a>\u00a0 \u00a0 \u00a0 \u00a0 \u00a0 \u00a0 \u00a0 \u00a0 \u00a0 \u00a0 \u00a0 \u00a0 \u00a0<a href=\"http:\/\/pubweb.carnet.hr\/ssssisn\/wp-content\/uploads\/sites\/263\/2014\/12\/Petra-Bari\u0161i\u0107.jpg\"><img loading=\"lazy\" decoding=\"async\" class=\"alignnone wp-image-687\" src=\"http:\/\/pubweb.carnet.hr\/ssssisn\/wp-content\/uploads\/sites\/263\/2014\/12\/Petra-Bari\u0161i\u0107.jpg\" alt=\"Petra Bari\u0161i\u0107\" width=\"144\" height=\"159\" \/><\/a>\u00a0 \u00a0 \u00a0 \u00a0 \u00a0 \u00a0Zoran Raj\u010devi\u0107, prof. \u00a0 \u00a0 \u00a0 \u00a0 \u00a0 \u00a0 \u00a0 \u00a0 \u00a0 \u00a0 \u00a0 \u00a0 \u00a0 Ismeta \u010cerkez ,prof.\u00a0\u00a0\u00a0\u00a0\u00a0\u00a0\u00a0\u00a0\u00a0\u00a0\u00a0\u00a0\u00a0\u00a0\u00a0\u00a0\u00a0\u00a0\u00a0\u00a0\u00a0\u00a0\u00a0\u00a0 Petra Bari\u0161i\u0107,prof.<\/p>\n<h2><\/h2>\n<h2><span style=\"color: #3366ff\">OSNOVNA \u0160KOLA SAMOBOR<\/span><\/h2>\n<p><strong>\u0160KOLSKO \u0160PORTSKO DRU\u0160TVO\u00a0 STRA\u017dNIK<\/strong> \u00a0 \u00a0 \u00a0 \u00a0 \u00a0 \u00a0 \u00a0 \u00a0 \u00a0 \u00a0 \u00a0 \u00a0 \u00a0 \u00a0 \u00a0 \u00a0 \u00a0 \u00a0 \u00a0 \u00a0 \u00a0 \u00a0 \u00a0 \u00a0 \u00a0 \u00a0 \u00a0 \u00a0 \u00a0 \u00a0 \u00a0 \u00a0 \u00a0 \u00a0 \u00a0 \u00a0 \u00a0 \u00a0 \u00a0 \u00a0 \u00a0 \u00a0Stra\u017eni\u010dka 14, Samobor<\/p>\n<p><a href=\"http:\/\/pubweb.carnet.hr\/ssssisn\/wp-content\/uploads\/sites\/263\/2014\/12\/Sa\u0161a-Kolman.jpg\"><img loading=\"lazy\" decoding=\"async\" class=\"alignnone size-full wp-image-689\" src=\"http:\/\/pubweb.carnet.hr\/ssssisn\/wp-content\/uploads\/sites\/263\/2014\/12\/Sa\u0161a-Kolman.jpg\" alt=\"Sa\u0161a Kolman\" width=\"133\" height=\"169\" \/><\/a>\u00a0 \u00a0 \u00a0 \u00a0 \u00a0 \u00a0 \u00a0 \u00a0 \u00a0 \u00a0 \u00a0 \u00a0 \u00a0 \u00a0 \u00a0 \u00a0 \u00a0 \u00a0 \u00a0 \u00a0 \u00a0 \u00a0\u00a0<a href=\"http:\/\/pubweb.carnet.hr\/ssssisn\/wp-content\/uploads\/sites\/263\/2014\/12\/gordana-Bastijan\u010di\u0107.jpg\"><img loading=\"lazy\" decoding=\"async\" class=\"alignnone wp-image-680\" src=\"http:\/\/pubweb.carnet.hr\/ssssisn\/wp-content\/uploads\/sites\/263\/2014\/12\/gordana-Bastijan\u010di\u0107.jpg\" alt=\"gordana Bastijan\u010di\u0107\" width=\"149\" height=\"162\" \/><\/a>\u00a0 \u00a0 \u00a0 \u00a0 \u00a0 \u00a0 \u00a0 \u00a0 \u00a0 \u00a0 \u00a0 \u00a0 \u00a0 \u00a0 \u00a0 \u00a0 \u00a0 \u00a0 \u00a0 \u00a0 \u00a0 \u00a0 Sa\u0161a Kolman, prof.\u00a0\u00a0\u00a0 \u00a0\u00a0\u00a0\u00a0\u00a0\u00a0\u00a0\u00a0\u00a0\u00a0\u00a0\u00a0\u00a0\u00a0\u00a0\u00a0\u00a0\u00a0\u00a0\u00a0\u00a0\u00a0\u00a0\u00a0\u00a0\u00a0\u00a0\u00a0\u00a0\u00a0\u00a0\u00a0\u00a0\u00a0\u00a0\u00a0\u00a0\u00a0\u00a0\u00a0\u00a0Gordana Bastijan\u010di\u0107, prof.<\/p>\n<h2><\/h2>\n<h2><span style=\"color: #3366ff\">\u00a0OSNOVNA \u0160KOLA SVETA NEDJELJA<\/span><\/h2>\n<p><strong>\u0160KOLSKO \u0160PORTSKO DRU\u0160TVO\u00a0\u00a0\u00a0 \u017dABAC \u00a0<\/strong> \u00a0 \u00a0 \u00a0 \u00a0 \u00a0 \u00a0 \u00a0 \u00a0 \u00a0 \u00a0 \u00a0 \u00a0 \u00a0 \u00a0 \u00a0 \u00a0 \u00a0 \u00a0 \u00a0 \u00a0 \u00a0 \u00a0 \u00a0 \u00a0 \u00a0 \u00a0 \u00a0 \u00a0 \u00a0 \u00a0 \u00a0 \u00a0 \u00a0 \u00a0 \u00a0 \u00a0 \u00a0 \u00a0 \u00a0 \u00a0 \u00a0 \u00a0 Svetonedeljska 21, Sveta Nedelja<\/p>\n<p><a href=\"http:\/\/pubweb.carnet.hr\/ssssisn\/wp-content\/uploads\/sites\/263\/2014\/12\/Ivana-Rodi\u0107.jpg\">\u00a0 \u00a0 \u00a0 \u00a0 \u00a0 \u00a0 \u00a0 \u00a0 \u00a0 \u00a0\u00a0<img loading=\"lazy\" decoding=\"async\" class=\"alignnone wp-image-682\" src=\"http:\/\/pubweb.carnet.hr\/ssssisn\/wp-content\/uploads\/sites\/263\/2014\/12\/Ivana-Rodi\u0107.jpg\" alt=\"Ivana Rodi\u0107\" width=\"117\" height=\"131\" \/><\/a>\u00a0 \u00a0 \u00a0 \u00a0 \u00a0 \u00a0 \u00a0 \u00a0 \u00a0 \u00a0 \u00a0 <img loading=\"lazy\" decoding=\"async\" class=\"wp-image-1561 alignleft\" src=\"http:\/\/pubweb.carnet.hr\/ssssisn\/wp-content\/uploads\/sites\/263\/2017\/12\/20171214_203325-150x150.jpg\" alt=\"\" width=\"126\" height=\"126\" \/><\/p>\n<p>Domagoj Franceti\u0107, prof.\u00a0 \u00a0 \u00a0 \u00a0 \u00a0 \u00a0 \u00a0 \u00a0 \u00a0 \u00a0 \u00a0 Ivana Rodi\u0107, prof.<\/p>\n<h2><span style=\"color: #0000ff\">OSNOVNA\u00a0 \u0160KOLA VLADIMIRA DE\u0160\u010cAKA<\/span><\/h2>\n<p><strong>\u0160KOLSKO \u00a0\u0160PORTSKO DRU\u0160TVO\u00a0 \u00a0ALFA<\/strong><\/p>\n<p><a href=\"http:\/\/pubweb.carnet.hr\/ssssisn\/wp-content\/uploads\/sites\/263\/2014\/12\/Matija-Vuzem.jpg\"><img loading=\"lazy\" decoding=\"async\" class=\"alignnone size-full wp-image-684\" src=\"http:\/\/pubweb.carnet.hr\/ssssisn\/wp-content\/uploads\/sites\/263\/2014\/12\/Matija-Vuzem.jpg\" alt=\"Matija Vuzem\" width=\"132\" height=\"141\" \/><\/a><\/p>\n<p>Matija Vuzem, prof.<\/p>\n<h2><\/h2>\n<h2><span style=\"color: #3366ff\">OSNOVNA \u0160KOLA MILANA LANGA<\/span><\/h2>\n<p><strong>\u0160KOLSKO \u00a0\u0160PORTSKO DRU\u0160TVO \u00a0 VIHOR<\/strong> \u00a0 \u00a0 \u00a0 \u00a0 \u00a0 \u00a0 \u00a0 \u00a0 \u00a0 \u00a0 \u00a0 \u00a0 \u00a0 \u00a0 \u00a0 \u00a0 \u00a0 \u00a0 \u00a0 \u00a0 \u00a0 \u00a0 \u00a0 \u00a0 \u00a0 \u00a0 \u00a0 \u00a0 \u00a0 \u00a0 \u00a0 \u00a0 \u00a0 \u00a0 \u00a0 \u00a0 \u00a0 \u00a0 \u00a0 \u00a0 \u00a0 \u00a0 \u00a0 Langova 2, Bregana<\/p>\n<p><a href=\"http:\/\/pubweb.carnet.hr\/ssssisn\/wp-content\/uploads\/sites\/263\/2014\/12\/Milan-Rodi\u0107.jpg\"><img loading=\"lazy\" decoding=\"async\" class=\"alignnone size-full wp-image-686\" src=\"http:\/\/pubweb.carnet.hr\/ssssisn\/wp-content\/uploads\/sites\/263\/2014\/12\/Milan-Rodi\u0107.jpg\" alt=\"Milan Rodi\u0107\" width=\"134\" height=\"146\" \/><\/a>\u00a0 \u00a0 \u00a0 \u00a0 \u00a0 \u00a0 \u00a0 \u00a0 \u00a0 \u00a0 \u00a0 \u00a0 \u00a0 \u00a0 \u00a0 \u00a0 \u00a0 \u00a0 \u00a0<a href=\"http:\/\/pubweb.carnet.hr\/ssssisn\/wp-content\/uploads\/sites\/263\/2014\/12\/Sandra-Jurkovi\u0107.jpg\"><img loading=\"lazy\" decoding=\"async\" class=\"alignnone wp-image-688\" src=\"http:\/\/pubweb.carnet.hr\/ssssisn\/wp-content\/uploads\/sites\/263\/2014\/12\/Sandra-Jurkovi\u0107.jpg\" alt=\"Sandra Jurkovi\u0107\" width=\"129\" height=\"141\" \/><\/a>\u00a0 \u00a0 \u00a0 \u00a0 \u00a0 \u00a0 \u00a0 \u00a0 \u00a0 \u00a0 \u00a0 \u00a0 \u00a0 \u00a0 \u00a0 \u00a0 \u00a0 \u00a0 \u00a0 \u00a0 \u00a0 \u00a0 \u00a0 \u00a0 \u00a0 \u00a0 \u00a0 \u00a0 \u00a0 \u00a0 \u00a0 \u00a0 \u00a0Nenad Rodi\u0107, prof. \u00a0 \u00a0 \u00a0 \u00a0 \u00a0 \u00a0 \u00a0 \u00a0 \u00a0 \u00a0 \u00a0 \u00a0 \u00a0 \u00a0 \u00a0 \u00a0 \u00a0 \u00a0 \u00a0 \u00a0Sandra Jurkovi\u0107, prof.<\/p>\n<p>&nbsp;<\/p>\n<h2><span style=\"color: #3366ff\">OSNOVNA \u0160KOLA MIHAELA \u0160ILOBODA<\/span><\/h2>\n<p><strong>\u0160KOLSKO \u0160PORTSKO DRU\u0160TVO\u00a0 \u00a0\u00a0OKI\u0106 \u00a0<\/strong> \u00a0 \u00a0 \u00a0 \u00a0 \u00a0 \u00a0 \u00a0 \u00a0 \u00a0 \u00a0 \u00a0 \u00a0 \u00a0 \u00a0 \u00a0 \u00a0 \u00a0 \u00a0 \u00a0 \u00a0 \u00a0 \u00a0 \u00a0 \u00a0 \u00a0 \u00a0 \u00a0 \u00a0 \u00a0 \u00a0 \u00a0 \u00a0 \u00a0 \u00a0 \u00a0 \u00a0 \u00a0 \u00a0 \u00a0 \u00a0 \u00a0 \u00a0 \u00a0 \u00a0 \u00a0 \u00a0 Sveti Martin pod Oki\u0107em 37 B, Sveti Martin pod Oki\u0107em<\/p>\n<p><a href=\"http:\/\/pubweb.carnet.hr\/ssssisn\/wp-content\/uploads\/sites\/263\/2014\/12\/Josip-\u0160uflaj.jpg\"><img loading=\"lazy\" decoding=\"async\" class=\"alignleft wp-image-683 size-full\" src=\"http:\/\/pubweb.carnet.hr\/ssssisn\/wp-content\/uploads\/sites\/263\/2014\/12\/Josip-\u0160uflaj.jpg\" alt=\"Josip \u0160uflaj\" width=\"134\" height=\"146\" \/><\/a><\/p>\n<p>&nbsp;<\/p>\n<p>Josip \u0160uflaj, zamjenik predsjednika<\/p>\n<h1><\/h1>\n<h2><span style=\"color: #3366ff\">OSNOVNA \u0160KOLA RUDE<\/span><\/h2>\n<p><strong>\u0160KOLSKO \u0160PORTSKO DRU\u0160TVO ROVI \u00a0<\/strong> \u00a0 \u00a0 \u00a0 \u00a0 \u00a0 \u00a0 \u00a0 \u00a0 \u00a0 \u00a0 \u00a0 \u00a0 \u00a0 \u00a0 \u00a0 \u00a0 \u00a0 \u00a0 \u00a0 \u00a0 \u00a0 \u00a0 \u00a0 \u00a0 \u00a0 \u00a0 \u00a0 \u00a0 \u00a0 \u00a0 \u00a0 \u00a0 \u00a0 \u00a0 \u00a0 \u00a0 \u00a0 \u00a0 \u00a0 \u00a0 \u00a0 \u00a0 \u00a0 \u00a0 \u00a0 \u00a0 \u00a0 Rude 93, Samobor<\/p>\n<p>&nbsp;<\/p>\n<p>&nbsp;<\/p>\n<p>&nbsp;<\/p>\n<p>&nbsp;<\/p>\n<p>&nbsp;<\/p>\n<h1 style=\"text-align: center\"><span style=\"text-decoration: underline;color: #0000ff\">\u00a0SREDNJE \u0160KOLE<\/span><\/h1>\n<h2><span style=\"color: #3366ff\">SREDNJA STRUKOVNA \u0160KOLA<\/span><\/h2>\n<p><strong>\u0160KOLSKO \u0160PORTSKO DRU\u0160TVO MLADOST 1957 \u00a0<\/strong> \u00a0 \u00a0 \u00a0 \u00a0 \u00a0 \u00a0 \u00a0 \u00a0 \u00a0 \u00a0 \u00a0 \u00a0 \u00a0 \u00a0 \u00a0 \u00a0 \u00a0 \u00a0 \u00a0 \u00a0 \u00a0 \u00a0 \u00a0 \u00a0 \u00a0 \u00a0 \u00a0 \u00a0 \u00a0 \u00a0 \u00a0 \u00a0 \u00a0 \u00a0 \u00a0 \u00a0 Andrije Hebranga 26, Samobor<\/p>\n<p><a href=\"http:\/\/pubweb.carnet.hr\/ssssisn\/wp-content\/uploads\/sites\/263\/2014\/12\/Zdravko-Frajt.jpg\"><img loading=\"lazy\" decoding=\"async\" class=\"alignnone size-full wp-image-693\" src=\"http:\/\/pubweb.carnet.hr\/ssssisn\/wp-content\/uploads\/sites\/263\/2014\/12\/Zdravko-Frajt.jpg\" alt=\"Zdravko Frajt\" width=\"145\" height=\"160\" \/><\/a>\u00a0 \u00a0 \u00a0 \u00a0 \u00a0 \u00a0 \u00a0 \u00a0 \u00a0 \u00a0 \u00a0 \u00a0\u00a0<a href=\"http:\/\/pubweb.carnet.hr\/ssssisn\/wp-content\/uploads\/sites\/263\/2014\/12\/Dijana.jpg\"><img loading=\"lazy\" decoding=\"async\" class=\"alignnone size-full wp-image-679\" src=\"http:\/\/pubweb.carnet.hr\/ssssisn\/wp-content\/uploads\/sites\/263\/2014\/12\/Dijana.jpg\" alt=\"Dijana\" width=\"126\" height=\"150\" \/><\/a>\u00a0 \u00a0 \u00a0 \u00a0 \u00a0 \u00a0 \u00a0 \u00a0 \u00a0 \u00a0 \u00a0 \u00a0 \u00a0 \u00a0 \u00a0\u00a0<a href=\"http:\/\/pubweb.carnet.hr\/ssssisn\/wp-content\/uploads\/sites\/263\/2014\/12\/Zdenko.jpg\"><img loading=\"lazy\" decoding=\"async\" class=\"alignnone size-full wp-image-692\" src=\"http:\/\/pubweb.carnet.hr\/ssssisn\/wp-content\/uploads\/sites\/263\/2014\/12\/Zdenko.jpg\" alt=\"Zdenko\" width=\"126\" height=\"150\" \/><\/a>\u00a0 \u00a0 \u00a0 \u00a0 \u00a0Zdravko Frajt, prof. \u00a0 \u00a0 \u00a0 \u00a0 \u00a0 \u00a0 \u00a0 \u00a0 \u00a0 \u00a0Dijana Tr\u010dak Regovi\u0107, prof. \u00a0 \u00a0 \u00a0 \u00a0 \u00a0 \u00a0 \u00a0 \u00a0 \u00a0 \u00a0 \u00a0 Zdenko Francekovi\u0107, prof.<\/p>\n<p>&nbsp;<\/p>\n<h2><span style=\"color: #3366ff\">GIMNAZIJA ANTUN GUSTAV MATO\u0160<\/span><\/h2>\n<p><strong>\u0160KOLSKO \u0160PORTSKO DRU\u0160TVO SOKOL<\/strong> \u00a0 \u00a0 \u00a0 \u00a0 \u00a0 \u00a0 \u00a0 \u00a0 \u00a0 \u00a0 \u00a0 \u00a0 \u00a0 \u00a0 \u00a0 \u00a0 \u00a0 \u00a0 \u00a0 \u00a0 \u00a0 \u00a0 \u00a0 \u00a0 \u00a0 \u00a0 \u00a0 \u00a0 \u00a0 \u00a0 \u00a0 \u00a0 \u00a0 \u00a0 \u00a0 \u00a0 \u00a0 \u00a0 \u00a0 \u00a0 \u00a0 \u00a0 \u00a0 \u00a0 \u00a0 \u00a0Andrije Hebranga 26, Samobor<\/p>\n<p><a href=\"http:\/\/pubweb.carnet.hr\/ssssisn\/wp-content\/uploads\/sites\/263\/2014\/12\/Vera.jpg\"><img loading=\"lazy\" decoding=\"async\" class=\"alignleft wp-image-691 size-full\" src=\"http:\/\/pubweb.carnet.hr\/ssssisn\/wp-content\/uploads\/sites\/263\/2014\/12\/Vera.jpg\" alt=\"Vera\" width=\"130\" height=\"150\" \/><\/a><\/p>\n<p>&nbsp;<\/p>\n<p>Vera Kumeri\u010dki, prof.<\/p>\n<p>&nbsp;<\/p>\n<p>&nbsp;<\/p>\n<h2><\/h2>\n<h2><span style=\"color: #3366ff\">\u00a0EKONOMSKA,TRGOVA\u010cKA I UGOSTITELJSKA \u0160KOLA<\/span><\/h2>\n<p><strong>\u0160KOLSKO \u0160PORTSKO DRU\u0160TVO SAMOBORAC \u00a0 \u00a0<\/strong> \u00a0 \u00a0 \u00a0 \u00a0 \u00a0 \u00a0 \u00a0 \u00a0 \u00a0 \u00a0 \u00a0 \u00a0 \u00a0 \u00a0 \u00a0 \u00a0 \u00a0 \u00a0 \u00a0 \u00a0 \u00a0 \u00a0 \u00a0 \u00a0 \u00a0 \u00a0 \u00a0 \u00a0 \u00a0 \u00a0 \u00a0 \u00a0 \u00a0 \u00a0 \u00a0 \u00a0 \u00a0 \u00a0Andrije Hebranga 26, Samobor<\/p>\n<p><a href=\"http:\/\/pubweb.carnet.hr\/ssssisn\/wp-content\/uploads\/sites\/263\/2014\/12\/Davor-Muni\u0107.jpg\"><img loading=\"lazy\" decoding=\"async\" class=\"alignnone size-full wp-image-678\" src=\"http:\/\/pubweb.carnet.hr\/ssssisn\/wp-content\/uploads\/sites\/263\/2014\/12\/Davor-Muni\u0107.jpg\" alt=\"Davor Muni\u0107\" width=\"130\" height=\"150\" \/><\/a>\u00a0 \u00a0 \u00a0 \u00a0 \u00a0 \u00a0 \u00a0 \u00a0 \u00a0 \u00a0 \u00a0 \u00a0 \u00a0 \u00a0 \u00a0 \u00a0 \u00a0 \u00a0 \u00a0 \u00a0 \u00a0 \u00a0<a href=\"http:\/\/pubweb.carnet.hr\/ssssisn\/wp-content\/uploads\/sites\/263\/2014\/12\/Sa\u0161a-Kova\u010devi\u0107.jpg\"><img loading=\"lazy\" decoding=\"async\" class=\"alignnone size-full wp-image-690\" src=\"http:\/\/pubweb.carnet.hr\/ssssisn\/wp-content\/uploads\/sites\/263\/2014\/12\/Sa\u0161a-Kova\u010devi\u0107.jpg\" alt=\"Sa\u0161a Kova\u010devi\u0107\" width=\"130\" height=\"150\" \/><\/a>\u00a0 \u00a0 \u00a0 \u00a0 \u00a0 \u00a0 \u00a0 \u00a0 \u00a0 \u00a0 \u00a0 \u00a0 \u00a0 \u00a0 \u00a0 \u00a0 \u00a0 \u00a0 \u00a0 \u00a0 \u00a0 \u00a0 \u00a0 \u00a0 \u00a0 \u00a0Davor Muni\u0107, prof. \u00a0 \u00a0 \u00a0 \u00a0 \u00a0 \u00a0 \u00a0 \u00a0 \u00a0 \u00a0 \u00a0 \u00a0 \u00a0 \u00a0 \u00a0 \u00a0 \u00a0 \u00a0 \u00a0 \u00a0 \u00a0 \u00a0 \u00a0Sa\u0161a Kova\u010devi\u0107, prof.<\/p>\n","protected":false},"excerpt":{"rendered":"<p>\u0160kolski \u0161portski savez Samobora i Svete Nedelje \u00a0 \u00a0 \u00a0 \u00a0 \u00a0 \u00a0 \u00a0 \u00a0 \u00a0 \u00a0 \u00a0 \u00a0 \u00a0 \u00a0 \u00a0 \u00a0 \u00a0 \u00a0 \u00a0 \u00a0 \u00a0 \u00a0 \u00a0 \u00a0 \u00a0 \u00a0 \u00a0 \u00a0 \u00a0 \u00a0 \u00a0 \u00a0 \u00a0 \u00a0\u00a0 Predsjednik :\u00a0 Sa\u0161a Kolman\u00a0\u00a0\u00a0\u00a0\u00a0\u00a0\u00a0\u00a0\u00a0\u00a0\u00a0\u00a0\u00a0\u00a0\u00a0\u00a0\u00a0\u00a0\u00a0\u00a0\u00a0\u00a0\u00a0\u00a0\u00a0\u00a0\u00a0\u00a0\u00a0\u00a0\u00a0\u00a0\u00a0\u00a0\u00a0\u00a0\u00a0\u00a0\u00a0\u00a0\u00a0\u00a0\u00a0\u00a0\u00a0\u00a0\u00a0\u00a0\u00a0\u00a0\u00a0 Tajnik: Zdravko Frajt, \u00a0 \u00a0 \u00a0 \u00a0 \u00a0 \u00a0 \u00a0 <a href=\"https:\/\/skolski-sportski-savez-samobora-i-svete-nedelje.hr\/?page_id=144\" rel=\"nofollow\"><span class=\"sr-only\">Read more about kontakti<\/span>[&hellip;]<\/a><\/p>\n","protected":false},"author":281,"featured_media":0,"parent":0,"menu_order":0,"comment_status":"closed","ping_status":"closed","template":"","meta":{"footnotes":""},"class_list":["post-144","page","type-page","status-publish","hentry"],"_links":{"self":[{"href":"https:\/\/skolski-sportski-savez-samobora-i-svete-nedelje.hr\/index.php?rest_route=\/wp\/v2\/pages\/144","targetHints":{"allow":["GET"]}}],"collection":[{"href":"https:\/\/skolski-sportski-savez-samobora-i-svete-nedelje.hr\/index.php?rest_route=\/wp\/v2\/pages"}],"about":[{"href":"https:\/\/skolski-sportski-savez-samobora-i-svete-nedelje.hr\/index.php?rest_route=\/wp\/v2\/types\/page"}],"author":[{"embeddable":true,"href":"https:\/\/skolski-sportski-savez-samobora-i-svete-nedelje.hr\/index.php?rest_route=\/wp\/v2\/users\/281"}],"replies":[{"embeddable":true,"href":"https:\/\/skolski-sportski-savez-samobora-i-svete-nedelje.hr\/index.php?rest_route=%2Fwp%2Fv2%2Fcomments&post=144"}],"version-history":[{"count":3,"href":"https:\/\/skolski-sportski-savez-samobora-i-svete-nedelje.hr\/index.php?rest_route=\/wp\/v2\/pages\/144\/revisions"}],"predecessor-version":[{"id":1563,"href":"https:\/\/skolski-sportski-savez-samobora-i-svete-nedelje.hr\/index.php?rest_route=\/wp\/v2\/pages\/144\/revisions\/1563"}],"wp:attachment":[{"href":"https:\/\/skolski-sportski-savez-samobora-i-svete-nedelje.hr\/index.php?rest_route=%2Fwp%2Fv2%2Fmedia&parent=144"}],"curies":[{"name":"wp","href":"https:\/\/api.w.org\/{rel}","templated":true}]}}