{"id":142,"date":"2014-11-19T11:02:26","date_gmt":"2014-11-19T11:02:26","guid":{"rendered":"http:\/\/pubweb.carnet.hr\/ssssisn\/?page_id=142"},"modified":"2018-01-23T18:44:58","modified_gmt":"2018-01-23T17:44:58","slug":"o-nama","status":"publish","type":"page","link":"https:\/\/skolski-sportski-savez-samobora-i-svete-nedelje.hr\/?page_id=142","title":{"rendered":"O nama"},"content":{"rendered":"<p style=\"text-align: justify\">Po\u010deci okupljanja i organiziranja u \u0161kolskom \u0161portu kre\u0107u jo\u0161 od 16.listopada 1961. godine, kada je osnovan Op\u0107inski odbor \u0161kolskih sportskih dru\u0161tava op\u0107ine Samobor. Krajem \u0161ezdesetih godina, na op\u0107inskom nivou, aktivnosti Odbora gotovo su zamrle. Inicijativom nastavnika tjelesnog odgoja i Komisije za \u0161kolski \u0161port, osnovan je 11. lipnja 1976. god. Savez \u0161kolskih sportskih dru\u0161tava op\u0107ine Samobor. Savez je organizirao natjecanja i aktivnosti do kraja osamdesetih godina (do Domovinskog rata). UDRUGA ZA \u0160KOLSKI \u0160PORT SAMOBORA I SVETE NEDELJE utemeljena je u Samoboru, 17. listopada 1994. god. na inicijativu Odjela za dru\u0161tvene djelatnosti Grada Samobora i Samoborskog \u0161portskog saveza.<br \/>\nNa godi\u0161njoj skup\u0161tini odr\u017eanoj 28. travnja 2005. godine udruga mijenja naziv i statut. Novi naziv udruge je \u0160KOLSKI \u0160PORTSKI SAVEZ SAMOBORA I SVETE NEDELJE.<br \/>\nDanas, predsjednik \u0160KOLSKOG \u0160PORTSKOG SAVEZA SAMOBORA I SV. NEDELJE je Sa\u0161a KOLMAN, nastavnik tjelesne i zdravstvene kulture u Osnovnoj \u0161koli Samobor u Samoboru; zamjenik predsjednika je Josip \u0160UFLAJ, profesor tjelesne i zdravstvene kulture u Osnovnoj \u0161koli \u00bbM. \u0160iloboda\u00ab Sv. Martin, potpredsjednik Sa\u0161a KOVA\u010cEVI\u0106, profesor tjelesne i zdravstvene kulture u Ekonomskoj, trgova\u010dkoj i ugostiteljskoj \u0161koli, Samobor, a tajnik Zdravko FRAJT profesor tjelesne i zdravstvene kulture u Srednjoj strukovnoj \u0161koli, Samobor.<\/p>\n<p style=\"text-align: justify\"><strong>Izvr\u0161ni odbor<\/strong> \u0160KOLSKOG \u0160PORTSKOG SAVEZA ima deset \u010dlanova: Sa\u0161a KOLMAN, Josip \u0160UFLAJ, Sa\u0161a KOVA\u010cEVI\u0106, Ismeta \u010cERKEZ, Milan JELENI\u0106, Nenad RODI\u0106, Ivana\u00a0 RODI\u0106, Matija VUZEM, Verica KUMERI\u010cKI i Zdenko FRANCEKOVI\u0106.<br \/>\nCiljevi i zadaci Udruge su: objedinjavanje i unapre\u0111ivanje \u0161kolskih \u0161portskih programa, sudjelovanje i organizacija \u0161kolskih \u0161portskih priredbi zna\u010dajnih za Grad Samobor, organiziranje gradskih natjecanja, zimskog i ljetnog odmorka, te poticanje u\u010denika na \u0161port i stvaranje \u0161ire osnove za budu\u0107e \u0161porta\u0161a,<br \/>\n\u0160KOLSKI \u0160PORTSKI SAVEZ SAMOBORA I SVETE NEDELJE je prva udruga na podru\u010dju Zagreba\u010dke \u017eupanije u kojoj su profesori tjelesne i zdravstvene kulture autonomno kreirali razvoj \u0161kolskog \u0161porta.<br \/>\nU rad Udruge uklju\u010deno je sedam osnovno\u0161kolskih i tri srednjo\u0161kolska \u0161portska kluba:<\/p>\n<p style=\"text-align: justify\"><strong>OSNOVNE \u0160KOLE:<\/strong><br \/>\n1. \u0160\u0160D &#8220;Bogumilac&#8221; O\u0160 Bogumila Tonija<br \/>\n2. \u0160\u0160D &#8220;Stra\u017enik&#8221; O\u0160 Samobor<br \/>\n3. \u0160\u0160D &#8220;Vihor&#8221; O\u0160 Milana Langa, Bregana<br \/>\n4. \u0160\u0160D &#8220;Oki\u0107&#8221; O\u0160 Sveti Martin, Sveti Martin pod Oki\u0107em<br \/>\n5. \u0160\u0160D &#8220;Rovi&#8221; O\u0160 Rude, Rude<br \/>\n6. \u0160\u0160D &#8220;\u017dabac&#8221; O\u0160 Sveta Nedelja, Sveta Nedelja<br \/>\n7. \u0160\u0160D &#8220;Alfa&#8221; O\u0160\u00a0Vladimira De\u0161\u010daka, Novaki<\/p>\n<p style=\"text-align: justify\"><strong>SREDNJE \u0160KOLE:<\/strong><br \/>\n1. \u0160\u0160D &#8220;Samoborac&#8221; Ekonomska \u0161kola, Samobor<br \/>\n2. \u0160\u0160D &#8220;Mladost&#8221; Srednja strukovna \u0161kola, Samobor<br \/>\n3. \u0160\u0160D &#8220;Sokol&#8221; Gimnazija A. G. Mato\u0161, Samobor<\/p>\n<p style=\"text-align: justify\">\u0160kolski \u0161portski savez Samobora i Sv. Nedelje svake godine u svom programu organizira natjecanja u malom nogometu, atletici, rukometu, ko\u0161arci, odbojci, stolnom tenisu, tenisu i \u0161ahu i gimnastici.<br \/>\nUdruga organizira i provodi\u00a0 Trku Grada Samobora, u kojoj sudjeluju djeca iz dje\u010djih vrti\u0107a, u\u010denici osnovnih i srednjih \u0161kola, sporta\u0161i Grada Samobora.<\/p>\n","protected":false},"excerpt":{"rendered":"<p>Po\u010deci okupljanja i organiziranja u \u0161kolskom \u0161portu kre\u0107u jo\u0161 od 16.listopada 1961. godine, kada je osnovan Op\u0107inski odbor \u0161kolskih sportskih dru\u0161tava op\u0107ine Samobor. Krajem \u0161ezdesetih godina, na op\u0107inskom nivou, aktivnosti Odbora gotovo su zamrle. Inicijativom nastavnika tjelesnog odgoja i Komisije za \u0161kolski \u0161port, osnovan je 11. lipnja 1976. god. Savez \u0161kolskih sportskih dru\u0161tava op\u0107ine Samobor. <a href=\"https:\/\/skolski-sportski-savez-samobora-i-svete-nedelje.hr\/?page_id=142\" rel=\"nofollow\"><span class=\"sr-only\">Read more about O nama<\/span>[&hellip;]<\/a><\/p>\n","protected":false},"author":281,"featured_media":0,"parent":0,"menu_order":0,"comment_status":"closed","ping_status":"closed","template":"","meta":{"footnotes":""},"class_list":["post-142","page","type-page","status-publish","hentry"],"_links":{"self":[{"href":"https:\/\/skolski-sportski-savez-samobora-i-svete-nedelje.hr\/index.php?rest_route=\/wp\/v2\/pages\/142","targetHints":{"allow":["GET"]}}],"collection":[{"href":"https:\/\/skolski-sportski-savez-samobora-i-svete-nedelje.hr\/index.php?rest_route=\/wp\/v2\/pages"}],"about":[{"href":"https:\/\/skolski-sportski-savez-samobora-i-svete-nedelje.hr\/index.php?rest_route=\/wp\/v2\/types\/page"}],"author":[{"embeddable":true,"href":"https:\/\/skolski-sportski-savez-samobora-i-svete-nedelje.hr\/index.php?rest_route=\/wp\/v2\/users\/281"}],"replies":[{"embeddable":true,"href":"https:\/\/skolski-sportski-savez-samobora-i-svete-nedelje.hr\/index.php?rest_route=%2Fwp%2Fv2%2Fcomments&post=142"}],"version-history":[{"count":3,"href":"https:\/\/skolski-sportski-savez-samobora-i-svete-nedelje.hr\/index.php?rest_route=\/wp\/v2\/pages\/142\/revisions"}],"predecessor-version":[{"id":1578,"href":"https:\/\/skolski-sportski-savez-samobora-i-svete-nedelje.hr\/index.php?rest_route=\/wp\/v2\/pages\/142\/revisions\/1578"}],"wp:attachment":[{"href":"https:\/\/skolski-sportski-savez-samobora-i-svete-nedelje.hr\/index.php?rest_route=%2Fwp%2Fv2%2Fmedia&parent=142"}],"curies":[{"name":"wp","href":"https:\/\/api.w.org\/{rel}","templated":true}]}}