{"id":1333,"date":"2016-10-11T13:29:51","date_gmt":"2016-10-11T12:29:51","guid":{"rendered":"http:\/\/pubweb.carnet.hr\/ssssisn\/?page_id=1333"},"modified":"2025-11-01T19:42:40","modified_gmt":"2025-11-01T18:42:40","slug":"sah-2016-2017","status":"publish","type":"page","link":"https:\/\/skolski-sportski-savez-samobora-i-svete-nedelje.hr\/?page_id=1333","title":{"rendered":"\u0160ah"},"content":{"rendered":"<p><a href=\"http:\/\/pubweb.carnet.hr\/ssssisn\/2025\/11\/01\/gradsko-natjecanje-u-sahu-za-ucenike-osnovnih-skola-4\/\">Gradsko natjecanje u \u0161ahu &#8211; 1. 10. 2025.<\/a><\/p>\n<p><a href=\"http:\/\/skolski-sportski-savez-samobora-i-svete-nedelje.hr\/2024\/10\/09\/gradsko-natjecanje-u-sahu-3\/\">Gradsko natjecanje u \u0161ahu &#8211; 3. 10. 2024<\/a><\/p>\n<p><a href=\"http:\/\/skolski-sportski-savez-samobora-i-svete-nedelje.hr\/2023\/10\/16\/gradsko-natjecanje-u-sahu-za-ucenike-osnovnih-skola-3\/\">Gradsko natjecanje u \u0161ahu &#8211; 9. 10. 2023.<\/a><\/p>\n<p><a href=\"http:\/\/skolski-sportski-savez-samobora-i-svete-nedelje.hr\/2022\/10\/10\/gradsko-natjecanje-u-sahu-za-ucenike-osnovnih-skola-2\/\">Gradsko natjecanje u \u0161ahu &#8211; 4. 10. 2022<\/a><\/p>\n<p><a href=\"http:\/\/skolski-sportski-savez-samobora-i-svete-nedelje.hr\/2021\/10\/07\/gradsko-natjecanje-u-sahu-za-ucenike-osnovnih-skola\/\">Gradsko natjecanje u \u0161ahu &#8211; 29. 9. 2021.<\/a><\/p>\n<p><a href=\"http:\/\/pubweb.carnet.hr\/ssssisn\/2019\/11\/10\/gradsko-natjecanje-u-sahu-2\/\">Gradsko natjecanje u \u0161ahu &#8211; 29.9.2019.<\/a><\/p>\n<p><a href=\"http:\/\/pubweb.carnet.hr\/ssssisn\/2018\/10\/22\/sah-3\/\">Gradsko natjecanje u \u0161ahu &#8211; 21.9.2018.<\/a><\/p>\n<p><a href=\"http:\/\/pubweb.carnet.hr\/ssssisn\/2017\/10\/30\/gradsko-natjecanje-u-sahu\/\">Gradsko natjecanje u \u0161ahu &#8211; 26.10.2017.<\/a><\/p>\n<p><a href=\"http:\/\/pubweb.carnet.hr\/ssssisn\/2016\/10\/15\/sah-2\/\">Gradsko natjecanje u \u0161ahu &#8211; 17. 10. 2015.<\/a><\/p>\n<p>&nbsp;<\/p>\n<p>&nbsp;<\/p>\n","protected":false},"excerpt":{"rendered":"<p>Gradsko natjecanje u \u0161ahu &#8211; 1. 10. 2025. Gradsko natjecanje u \u0161ahu &#8211; 3. 10. 2024 Gradsko natjecanje u \u0161ahu &#8211; 9. 10. 2023. Gradsko natjecanje u \u0161ahu &#8211; 4. 10. 2022 Gradsko natjecanje u \u0161ahu &#8211; 29. 9. 2021. Gradsko natjecanje u \u0161ahu &#8211; 29.9.2019. Gradsko natjecanje u \u0161ahu &#8211; 21.9.2018. Gradsko natjecanje u <a href=\"https:\/\/skolski-sportski-savez-samobora-i-svete-nedelje.hr\/?page_id=1333\" rel=\"nofollow\"><span class=\"sr-only\">Read more about \u0160ah<\/span>[&hellip;]<\/a><\/p>\n","protected":false},"author":367,"featured_media":0,"parent":0,"menu_order":0,"comment_status":"closed","ping_status":"closed","template":"","meta":{"footnotes":""},"class_list":["post-1333","page","type-page","status-publish","hentry"],"_links":{"self":[{"href":"https:\/\/skolski-sportski-savez-samobora-i-svete-nedelje.hr\/index.php?rest_route=\/wp\/v2\/pages\/1333","targetHints":{"allow":["GET"]}}],"collection":[{"href":"https:\/\/skolski-sportski-savez-samobora-i-svete-nedelje.hr\/index.php?rest_route=\/wp\/v2\/pages"}],"about":[{"href":"https:\/\/skolski-sportski-savez-samobora-i-svete-nedelje.hr\/index.php?rest_route=\/wp\/v2\/types\/page"}],"author":[{"embeddable":true,"href":"https:\/\/skolski-sportski-savez-samobora-i-svete-nedelje.hr\/index.php?rest_route=\/wp\/v2\/users\/367"}],"replies":[{"embeddable":true,"href":"https:\/\/skolski-sportski-savez-samobora-i-svete-nedelje.hr\/index.php?rest_route=%2Fwp%2Fv2%2Fcomments&post=1333"}],"version-history":[{"count":3,"href":"https:\/\/skolski-sportski-savez-samobora-i-svete-nedelje.hr\/index.php?rest_route=\/wp\/v2\/pages\/1333\/revisions"}],"predecessor-version":[{"id":2823,"href":"https:\/\/skolski-sportski-savez-samobora-i-svete-nedelje.hr\/index.php?rest_route=\/wp\/v2\/pages\/1333\/revisions\/2823"}],"wp:attachment":[{"href":"https:\/\/skolski-sportski-savez-samobora-i-svete-nedelje.hr\/index.php?rest_route=%2Fwp%2Fv2%2Fmedia&parent=1333"}],"curies":[{"name":"wp","href":"https:\/\/api.w.org\/{rel}","templated":true}]}}