{"id":1330,"date":"2016-10-11T13:28:53","date_gmt":"2016-10-11T12:28:53","guid":{"rendered":"http:\/\/pubweb.carnet.hr\/ssssisn\/?page_id=1330"},"modified":"2026-02-08T15:51:32","modified_gmt":"2026-02-08T14:51:32","slug":"rukomet-2016-2017","status":"publish","type":"page","link":"https:\/\/skolski-sportski-savez-samobora-i-svete-nedelje.hr\/?page_id=1330","title":{"rendered":"Rukomet"},"content":{"rendered":"<h1><strong><img loading=\"lazy\" decoding=\"async\" class=\"wp-image-373 size-full alignright\" style=\"font-size: 3.2rem;font-weight: inherit\" src=\"http:\/\/pubweb.carnet.hr\/ssssisn\/wp-content\/uploads\/sites\/263\/2014\/11\/rukomet1.jpg\" alt=\"rukomet1\" width=\"82\" height=\"90\" \/><\/strong><\/h1>\n<p><strong>\u0160kolska godina 2025.\/2026.<\/strong><\/p>\n<p><a href=\"https:\/\/skolski-sportski-savez-samobora-i-svete-nedelje.hr\/2026\/02\/08\/gradsko-natjecanje-u-rukometu-za-ucenike-osnovnih-skola-4\/\">Gradsko natjecanje u rukometu za u\u010denike osnovnih \u0161kola &#8211; 3. 2. 2026.<\/a><\/p>\n<p><a href=\"https:\/\/skolski-sportski-savez-samobora-i-svete-nedelje.hr\/2026\/02\/08\/gradsko-natjecanje-u-rukometu-za-ucenike-i-ucenice-5-i-6-razreda-osnovnih-skola\/\">Gradsko natjecanje u rukometu za djevoj\u010dice i dje\u010dake 5. i 6. razreda &#8211; 7. 2. 2026.<\/a><\/p>\n<p><strong>\u0160kolska godina 2024.\/2025.<\/strong><\/p>\n<p><a href=\"http:\/\/pubweb.carnet.hr\/ssssisn\/2024\/12\/04\/gradsko-natjecanje-u-rukometu-za-djecake-2\/\">Gradsko natjecanje u rukometu za dje\u010dake &#8211; 30. 11. 2024<\/a><\/p>\n<p><a href=\"http:\/\/pubweb.carnet.hr\/ssssisn\/2025\/02\/16\/gradsko-natjecanje-u-rukometu-za-djecake-i-djevojcice-5-6-razreda-osnovnih-skola\/\">Gradsko natjecanje u rukometu za u\u010denike i u\u010denice 5. i 6. razreda &#8211; 1. 2. 2025.<\/a><\/p>\n<p><strong>\u0160kolska godina 2023.\/2024.<\/strong><\/p>\n<p><a href=\"http:\/\/skolski-sportski-savez-samobora-i-svete-nedelje.hr\/2023\/12\/03\/gradsko-natjecanje-u-rukometu-za-srednjoskolce-2\/\">Gradsko natjecanje u rukometu za srednjo\u0161kolce &#8211; 25. 11. 2023.<\/a><\/p>\n<p><a href=\"http:\/\/skolski-sportski-savez-samobora-i-svete-nedelje.hr\/2023\/11\/10\/gradsko-natjecanje-u-rukometu-za-osnovnoskolce\/\">Gradsko natjecanje u rukometu za u\u010denike osnovnih \u0161kola &#8211; 28. 10. 2023.<\/a><\/p>\n<p><strong>\u0160kolska godina\u00a0 2022.\/ 2023.<\/strong><\/p>\n<p><a href=\"http:\/\/pubweb.carnet.hr\/ssssisn\/2023\/02\/06\/gradsko-natjecanje-u-rukometu-za-ucenike-petih-i-sestih-razreda-osnovnih-skola\/\">Gradsko natjecanje za u\u010denike 5. i 6. razreda osnovnih \u0161kola &#8211; 21. sije\u010dnja 2023.<\/a><\/p>\n<p><a href=\"http:\/\/skolski-sportski-savez-samobora-i-svete-nedelje.hr\/2022\/11\/18\/gradsko-natjecanje-u-rukometu-za-ucenike-osnovnih-skola-3\/\">Gradsko natjecanje u rukometu za u\u010denike osnovnih \u0161kola &#8211; 11. 11. 2022<\/a><\/p>\n<p><a href=\"http:\/\/skolski-sportski-savez-samobora-i-svete-nedelje.hr\/2022\/11\/11\/gradsko-natjecanje-u-rukometu-4\/\">Gradsko natjecanje u rukometu za srednjo\u0161kolce &#8211; 5. 11. 2022.<\/a><\/p>\n<p><strong>\u0160kolska godina 2021.\/2022.<\/strong><\/p>\n<p><a href=\"http:\/\/skolski-sportski-savez-samobora-i-svete-nedelje.hr\/2022\/04\/04\/gradsko-natjecanje-u-rukometu-za-djecake\/\">Gradsko natjecanje u rukometu za dje\u010dake 5. i 6. razreda &#8211; 4. 3. 2022.<\/a><\/p>\n<p><a href=\"http:\/\/skolski-sportski-savez-samobora-i-svete-nedelje.hr\/2021\/12\/20\/gradsko-natjecanje-u-rukometu-za-osnovne-skole\/\">Gradsko natjecanje u rukometu za osnovne \u0161kole &#8211; 17. 12. 2021.<\/a><\/p>\n<p><a href=\"http:\/\/skolski-sportski-savez-samobora-i-svete-nedelje.hr\/2021\/11\/30\/gradsko-natjecanje-u-kosarci-za-srednje-skole\/\">Gradsko natjecanje u rukometu za u\u010denike srednjih \u0161kola &#8211; 20. 11. 2021<\/a><\/p>\n<p><strong>\u0160kolska godina 2020.\/2021.<\/strong><\/p>\n<p><a href=\"http:\/\/skolski-sportski-savez-samobora-i-svete-nedelje.hr\/2019\/12\/23\/gradsko-natjecanje-u-rukometu-za-ucenike-osnovnih-skola-2\/\">Gradsko natjecanje u rukometu za u\u010denike osnovnih \u0161kola &#8211;\u00a023.11.2019.<\/a><\/p>\n<p><a href=\"http:\/\/skolski-sportski-savez-samobora-i-svete-nedelje.hr\/2019\/11\/10\/gradsko-natjecanje-u-rukometu-za-djevojcice-3\/\">Gradsko natjecanje u rukometu za djevoj\u010dice &#8211; 26. 10. 2019.<\/a><\/p>\n<p><strong>\u0160kolska godina 2019.\/2020.<\/strong><\/p>\n<p><a href=\"http:\/\/pubweb.carnet.hr\/ssssisn\/2019\/11\/10\/gradsko-natjecanje-u-rukometu-za-djevojcice-3\/\">Gradsko natjecanje u rukometu za u\u010denice osnovnih \u0161kola &#8211;\u00a0 26. listopada 2019.<\/a><\/p>\n<p><strong>\u0160kolska godina\u00a0 2018.\/ 2019.<\/strong><\/p>\n<p><a href=\"http:\/\/pubweb.carnet.hr\/ssssisn\/2019\/02\/21\/1768\/\">Gradsko natjecanje u rukometu za dje\u010dake i djevoj\u010dice 5. i 6. razreda &#8211; 9.2.2019.<\/a><\/p>\n<p><a href=\"http:\/\/pubweb.carnet.hr\/ssssisn\/2018\/11\/21\/gradsko-natjecanje-u-rukometu-za-ucenike-osnovnih-skola\/\">Gradsko natjecanje u rukometu za dje\u010dake\u00a0 &#8211; 17.11.2018<\/a><\/p>\n<p><a href=\"http:\/\/pubweb.carnet.hr\/ssssisn\/2018\/12\/10\/gradsko-natjecanje-u-rukometu-za-srednjoskolce\/\">Gradsko natjecanje u rukometu za u\u010denike srednjih \u0161kola &#8211; 8.12.2018.<\/a><\/p>\n<p><strong>\u0160kolska godina 2017.\/2018.<\/strong><\/p>\n<p><a href=\"http:\/\/pubweb.carnet.hr\/ssssisn\/2017\/10\/30\/gradsko-natjecanje-u-rukometu-3\/\">Gradsko natjecanje &#8211; osnovne \u0161kole &#8211; dje\u010daci &#8211; 21.10.2017.\u00a0<\/a><\/p>\n<p><a href=\"http:\/\/pubweb.carnet.hr\/ssssisn\/2017\/12\/11\/gradsko-natjecanje-u-rukometu-za-ucenike-srednjih-skola\/\">Gradsko natjecanje &#8211; srednje \u0161kole &#8211; mladi\u0107i &#8211; 9.12.2017.<\/a><\/p>\n<p><strong>\u0160kolska godina 2016.\/2017.<\/strong><\/p>\n<p><a href=\"http:\/\/pubweb.carnet.hr\/ssssisn\/2016\/10\/23\/gradsko-natjecanje-u-rukometu-2\/\">Gradsko natjecanje \u00a0u rukometu &#8211; za dje\u010dake osnovnih \u0161kola \u00a0&#8211; 22.10.2016.<\/a><\/p>\n<p><a href=\"http:\/\/pubweb.carnet.hr\/ssssisn\/2016\/11\/28\/gradsko-natjecanje-u-rukometu-za-djevojcice\/\">Gradsko natjecanje u rukometu za djevoj\u010dice &#8211; 26.11.2016.<\/a><\/p>\n<p><a href=\"http:\/\/pubweb.carnet.hr\/ssssisn\/2016\/11\/28\/gradsko-natjecanje-u-rukometu-za-mladice\/\">Gradsko natjecanje u rukometu za mladi\u0107e &#8211; 26.11.2016.<\/a><\/p>\n<p><strong>\u0160kolska godina 2015.\/2016.<\/strong><\/p>\n<p><a href=\"http:\/\/pubweb.carnet.hr\/ssssisn\/2015\/10\/25\/rukomet-gradsko-natjecanje-os-17-10-2015\/\">Gradsko natjecanje &#8211; osnovne \u0161kole- dje\u010daci &#8211; 15. listopada, 2015<\/a><\/p>\n<p><a href=\"http:\/\/pubweb.carnet.hr\/ssssisn\/2015\/12\/02\/gradsko-natjecanje-u-rukometu\/\">Gradsko natjecanje &#8211; osnovne \u0161kole &#8211; djevoj\u010dice &#8211; 28. studenog, 2015.<\/a><\/p>\n<p><a href=\"http:\/\/pubweb.carnet.hr\/ssssisn\/2015\/12\/09\/gradsko-natjecanje-u-rukometu-srednje-skole-2\/\">Gradsko natjecanje &#8211; srednje \u0161kole &#8211; mladi\u0107i &#8211; 5. prosinca, 2015.<\/a><\/p>\n<p><a href=\"http:\/\/pubweb.carnet.hr\/ssssisn\/2016\/03\/15\/rukomet-5-i-6-razredi\/\">5. i 6. razredi \u00a0 &#8211; 20. velja\u010de i \u00a012. o\u017eujka, 2016.<\/a><\/p>\n<p><a href=\"http:\/\/pubweb.carnet.hr\/ssssisn\/2016\/05\/02\/rukometna-liga-trece-kolo\/\">Rukometna \u00a0liga- tre\u0107e kolo \u00a0&#8211; 16. travnja, 2016<\/a><\/p>\n<p><strong>\u0160kolska godina 2014.\/2015.<\/strong><\/p>\n<p><a title=\"Rukometna liga -1. kolo \u2013 O\u0160 \u2013 dje\u010daci\" href=\"http:\/\/pubweb.carnet.hr\/ssssisn\/2015\/02\/22\/rukometna-liga-1-kolo-os-djecaci\/\">Rukometna liga &#8211; 1.kolo &#8211; osnovne \u0161kole\u00a0&#8211; dje\u010daci- 5. i 6. razredi &#8211; 21. velja\u010de, 2015.<\/a><\/p>\n<p><a href=\"http:\/\/pubweb.carnet.hr\/ssssisn\/2015\/03\/12\/rukometna-liga-2-kolo-os-djecaci\/\"><span style=\"text-decoration: underline\">Rukometna liga &#8211; 2. kolo &#8211; osnovne \u0161kole &#8211; dje\u010daci &#8211; 5. i 6. razredi &#8211; 7.o\u017eujka, 2015.<\/span><\/a><\/p>\n<p><a href=\"http:\/\/pubweb.carnet.hr\/ssssisn\/2015\/04\/21\/rukometna-liga-os-3-k-olo\/\"><span style=\"text-decoration: underline\">Rukometna liga &#8211; 3. kolo &#8211; osnovne \u0161kole &#8211; dje\u010daci &#8211; 5. i 6. razredi &#8211; 18.travnja, 2015.<\/span><\/a><\/p>\n<p><a href=\"http:\/\/pubweb.carnet.hr\/ssssisn\/2014\/12\/08\/gradsko-natjecanje-u-rukometu-srednje-skole\/\">Gradsko natjecanje \u00a0&#8211; srednje\u00a0\u0161kole &#8211; djevojke &#8211; 2. velja\u010de, 2015.<\/a><\/p>\n<p><a href=\"http:\/\/pubweb.carnet.hr\/ssssisn\/2014\/12\/08\/gradsko-natjecanje-u-rukometu-srednje-skole\/\">Gradsko natjecanje &#8211; srednje \u0161kole &#8211; mladi\u0107i &#8211; 6. prosinca, 2014.<\/a><\/p>\n<p><a title=\"Osnovne \u0161kole \u2013 rukomet\" href=\"http:\/\/pubweb.carnet.hr\/ssssisn\/2014\/11\/27\/rukomet\/\">Gradsko natjecanje &#8211; osnovne \u0161kole &#8211; djevoj\u010dice &#8211; 11. listopada, 2014.<\/a><\/p>\n<p><a href=\"http:\/\/pubweb.carnet.hr\/ssssisn\/2014\/11\/27\/rukomet\/\">Gradsko natjecanje &#8211; osnovne \u0161kole- dje\u010daci &#8211; 25. listopada, 2014.<\/a><\/p>\n","protected":false},"excerpt":{"rendered":"<p>\u0160kolska godina 2025.\/2026. Gradsko natjecanje u rukometu za u\u010denike osnovnih \u0161kola &#8211; 3. 2. 2026. Gradsko natjecanje u rukometu za djevoj\u010dice i dje\u010dake 5. i 6. razreda &#8211; 7. 2. 2026. \u0160kolska godina 2024.\/2025. Gradsko natjecanje u rukometu za dje\u010dake &#8211; 30. 11. 2024 Gradsko natjecanje u rukometu za u\u010denike i u\u010denice 5. i 6. <a href=\"https:\/\/skolski-sportski-savez-samobora-i-svete-nedelje.hr\/?page_id=1330\" rel=\"nofollow\"><span class=\"sr-only\">Read more about Rukomet<\/span>[&hellip;]<\/a><\/p>\n","protected":false},"author":367,"featured_media":0,"parent":0,"menu_order":0,"comment_status":"closed","ping_status":"closed","template":"","meta":{"footnotes":""},"class_list":["post-1330","page","type-page","status-publish","hentry"],"_links":{"self":[{"href":"https:\/\/skolski-sportski-savez-samobora-i-svete-nedelje.hr\/index.php?rest_route=\/wp\/v2\/pages\/1330","targetHints":{"allow":["GET"]}}],"collection":[{"href":"https:\/\/skolski-sportski-savez-samobora-i-svete-nedelje.hr\/index.php?rest_route=\/wp\/v2\/pages"}],"about":[{"href":"https:\/\/skolski-sportski-savez-samobora-i-svete-nedelje.hr\/index.php?rest_route=\/wp\/v2\/types\/page"}],"author":[{"embeddable":true,"href":"https:\/\/skolski-sportski-savez-samobora-i-svete-nedelje.hr\/index.php?rest_route=\/wp\/v2\/users\/367"}],"replies":[{"embeddable":true,"href":"https:\/\/skolski-sportski-savez-samobora-i-svete-nedelje.hr\/index.php?rest_route=%2Fwp%2Fv2%2Fcomments&post=1330"}],"version-history":[{"count":2,"href":"https:\/\/skolski-sportski-savez-samobora-i-svete-nedelje.hr\/index.php?rest_route=\/wp\/v2\/pages\/1330\/revisions"}],"predecessor-version":[{"id":2928,"href":"https:\/\/skolski-sportski-savez-samobora-i-svete-nedelje.hr\/index.php?rest_route=\/wp\/v2\/pages\/1330\/revisions\/2928"}],"wp:attachment":[{"href":"https:\/\/skolski-sportski-savez-samobora-i-svete-nedelje.hr\/index.php?rest_route=%2Fwp%2Fv2%2Fmedia&parent=1330"}],"curies":[{"name":"wp","href":"https:\/\/api.w.org\/{rel}","templated":true}]}}