{"id":1328,"date":"2016-10-11T13:28:20","date_gmt":"2016-10-11T12:28:20","guid":{"rendered":"http:\/\/pubweb.carnet.hr\/ssssisn\/?page_id=1328"},"modified":"2025-12-14T20:43:44","modified_gmt":"2025-12-14T19:43:44","slug":"odbojka-2016-2017","status":"publish","type":"page","link":"https:\/\/skolski-sportski-savez-samobora-i-svete-nedelje.hr\/?page_id=1328","title":{"rendered":"Odbojka"},"content":{"rendered":"<p style=\"margin-bottom: 1.71429rem\"><a style=\"color: #0f3647\" href=\"http:\/\/pubweb.carnet.hr\/ssssisn\/2019\/02\/21\/gradsko-natjecanje-u-odbojci-za-ucenike-5-i-6-razreda\/\"><img loading=\"lazy\" decoding=\"async\" class=\"alignleft size-full wp-image-369\" src=\"http:\/\/pubweb.carnet.hr\/ssssisn\/wp-content\/uploads\/sites\/263\/2014\/11\/odbojka1.jpg\" alt=\"\" width=\"90\" height=\"93\" \/><\/a><\/p>\n<p>&nbsp;<\/p>\n<p>&nbsp;<\/p>\n<p><strong>\u0160kolska godina 2025.\/2026.<\/strong><\/p>\n<p><a href=\"http:\/\/pubweb.carnet.hr\/ssssisn\/2025\/12\/14\/natjecanje-u-odbojci-za-djevojke-i-mladice\/\">Gradsko natjecanje u odbojci za djevojke i mladi\u0107e &#8211; 9.11.2025.<\/a><\/p>\n<p><a href=\"http:\/\/pubweb.carnet.hr\/ssssisn\/2025\/12\/14\/gradsko-natjecanje-u-odbojci-za-osnovne-skole-3\/\">Gradsko natjecanje u odbojci za dje\u010dake i djevoj\u010dice osnovnih \u0161kola &#8211; 15. 11. 2025.<\/a><\/p>\n<p>&nbsp;<\/p>\n<p><strong>\u0160kolska godina 2024.\/2025.<\/strong><\/p>\n<p><a href=\"http:\/\/pubweb.carnet.hr\/ssssisn\/2024\/11\/22\/gradsko-natjecanje-u-odbojci-za-srednje-skole-4\/\">Gradsko natjecanje u odbojci za djevojke i mladi\u0107e &#8211; 15.11.2024.<\/a><\/p>\n<p><a href=\"http:\/\/skolski-sportski-savez-samobora-i-svete-nedelje.hr\/2024\/11\/10\/gradsko-natjecanje-u-odbojci-za-osnovnoskolce\/\">Gradsko natjecanje u odbojci za dje\u010dake i djevoj\u010dice osnovnih \u0161kola &#8211; 9. 11. 2024.<\/a><\/p>\n<p>&nbsp;<\/p>\n<p><strong>\u0160kolska godina 2023.\/2024.<\/strong><\/p>\n<p><a href=\"http:\/\/skolski-sportski-savez-samobora-i-svete-nedelje.hr\/2024\/04\/23\/gradsko-natjecanje-u-odbojci-za-ucenice-5-i-6-razreda\/\">Gradsko natjecanje u odbojci za u\u010denice 5. i 6. razreda &#8211; 2. 3. 2024.<\/a><\/p>\n<p><a href=\"http:\/\/pubweb.carnet.hr\/ssssisn\/2019\/11\/10\/gradsko-natjecanje-u-odbojci-za-ucenike-i-ucenice-osnovnih-skola\/\">Gradsko natjecanje u odbojci za u\u010denike i u\u010denice osnovnih \u0161kola\u00a0&#8211; 9.11.2019.<\/a><\/p>\n<p><a href=\"http:\/\/skolski-sportski-savez-samobora-i-svete-nedelje.hr\/2023\/12\/03\/gradsko-natjecanje-u-odbojci-za-djevojcice-i-djecake-osnovnih-skola\/\">Gradsko natjecanje u odbojci za dje\u010dake i djevoj\u010dice osnovnih \u0161kola &#8211; 25. 11. 2023.<\/a><\/p>\n<p><a href=\"http:\/\/skolski-sportski-savez-samobora-i-svete-nedelje.hr\/2023\/11\/16\/gradsko-natjecanje-u-odbojci-za-srednje-skole-3\/\">Gradsko natjecanje u odbojci za srednjo\u0161kolce &#8211; 11. 11. 2023.<\/a><\/p>\n<p>&nbsp;<\/p>\n<p><strong>\u0160kolska godina 2022.\/2023.<\/strong><\/p>\n<p><a href=\"http:\/\/skolski-sportski-savez-samobora-i-svete-nedelje.hr\/2023\/04\/03\/gradsko-natjecanje-u-odbojci-za-ucenice-5-i-6-razreda-osnovnih-skola\/\">Gradsko natjecanje u odbojci za u\u010denice 5. i 6. razreda &#8211; 18. 3. 2023.<\/a><\/p>\n<p><a href=\"http:\/\/skolski-sportski-savez-samobora-i-svete-nedelje.hr\/2022\/11\/18\/gradsko-natjecanje-u-odbojci-za-ucenice-i-ucenike-osnovnih-skola\/\">Gradsko natjecanje u odbojci za u\u010denice i u\u010denike osnovnih \u0161kola &#8211; 12. 11. 2022.<\/a><\/p>\n<p>&nbsp;<\/p>\n<p><strong>\u0160kolska godina 2021.\/2022.<\/strong><\/p>\n<p><a href=\"http:\/\/skolski-sportski-savez-samobora-i-svete-nedelje.hr\/2022\/04\/04\/natjecanja-u-odbojci-za-ucenice-5-i-6-razreda-osnovnih-skola\/\">Natjecanja u odbojka\u0161koj lizi za u\u010denice 5. i 6. razreda osnovnih \u0161kola<\/a><\/p>\n<p><a href=\"http:\/\/skolski-sportski-savez-samobora-i-svete-nedelje.hr\/2021\/11\/30\/gradsko-natjecanje-u-odbojci-za-ucenike-osnovnih-skola\/\">Gradsko natjecanje u odbojci za dje\u010dake i djevoj\u010dice osnovnih \u0161kola &#8211; 13. 11. 2021.<\/a><\/p>\n<p>&nbsp;<\/p>\n<p><strong>\u0160kolska godina 2019.\/2020.<\/strong><\/p>\n<p><a href=\"http:\/\/skolski-sportski-savez-samobora-i-svete-nedelje.hr\/2019\/11\/10\/gradsko-natjecanje-u-odbojci-za-ucenike-i-ucenice-osnovnih-skola\/\">Gradsko natjecanje u odbojci za u\u010denike i u\u010denice osnovnih \u0161kola<\/a><\/p>\n<p>&nbsp;<\/p>\n<p><strong>\u0160kolska godina 2018.\/2019.<\/strong><\/p>\n<p><a href=\"http:\/\/pubweb.carnet.hr\/ssssisn\/2019\/04\/11\/drugo-i-trece-kolo-odbojkaske-lige-za-djevojcice-5-i-6-razreda\/\">2. i 3. kolo odbojka\u0161ke lige za u\u010denice 5. i 6. razreda &#8211; 2. i 30. 3. 2019.<\/a><\/p>\n<p><a href=\"http:\/\/pubweb.carnet.hr\/ssssisn\/2019\/02\/21\/gradsko-natjecanje-u-odbojci-za-ucenike-5-i-6-razreda\/\">Gradsko natjecanje u odbojci za u\u010denike 5. i 6. razreda osnovne \u0161kole &#8211; 16. 2. 2019.<\/a><\/p>\n<p><a href=\"http:\/\/pubweb.carnet.hr\/ssssisn\/2018\/11\/14\/gradsko-natjecanje-u-odbojci-za-djecake-i-djevojcice\/\">Gradsko natjecanje u odbojci za u\u010denike i u\u010denice osnovnih \u0161kola &#8211; 10.11.2018.<\/a><\/p>\n<p><a href=\"http:\/\/pubweb.carnet.hr\/ssssisn\/2018\/12\/07\/gradsko-natjecanje-u-odbojci-za-ucenike-i-ucenice-srednjih-skola\/\">Gradsko natjecanje u odbojci za mladi\u0107e i djevojke &#8211; 30.11.2018<\/a><\/p>\n<ol>\n<li><a href=\"http:\/\/pubweb.carnet.hr\/ssssisn\/2018\/02\/06\/odbojka-1-kolo-djevojcice\/\">kolo odbojka\u0161ke lige za djevoj\u010dice 5. i 6. razreda<\/a><\/li>\n<li><a href=\"http:\/\/pubweb.carnet.hr\/ssssisn\/2018\/03\/12\/odbojka-2-kolo-djevojcice-5-i-6-razreda\/\">kolo odbojka\u0161ke lige za djevoj\u010dice 5. i 6. razreda<\/a><\/li>\n<\/ol>\n<p><a href=\"http:\/\/pubweb.carnet.hr\/ssssisn\/2017\/11\/17\/gradsko-natjecanje-u-odbojci-za-osnovne-skole-2\/\">Gradsko natjecanje u odbojci za u\u010denike osnovnih \u0161kola -11.11.2017.<\/a><\/p>\n<p><a href=\"http:\/\/pubweb.carnet.hr\/ssssisn\/2017\/12\/11\/gradsko-natjecanje-u-odbojci-za-srednje-skole-2\/\">Gradsko natjecanje u odbojci za u\u010denike srednjih \u0161kola &#8211; 18.11.2017.<\/a><\/p>\n<p>&nbsp;<\/p>\n<p><strong>\u0160kolska godina 2016.\/2017.<\/strong><\/p>\n<p><a href=\"http:\/\/pubweb.carnet.hr\/ssssisn\/2016\/11\/21\/gradsko-natjecanje-u-odbojci-za-osnovne-skole\/\">Gradsko natjecanje za u\u010denike osnovnih \u0161kola &#8211; 19.11.2016.<\/a><\/p>\n<p><a href=\"http:\/\/pubweb.carnet.hr\/ssssisn\/2016\/12\/12\/gradsko-natjecanje-u-odbojci-srednje-skole\/\">\u00a0Gradsko natjecanje za u\u010denike srednjih \u0161kola &#8211; 3.12.2016.<\/a><\/p>\n<p><a href=\"http:\/\/pubweb.carnet.hr\/ssssisn\/2017\/02\/08\/odbojkaska-liga-za-djevojcice-5-i-6-razredi-2\/\">Odbojka\u0161ka liga za djevoj\u010dice 5. i 6. razreda .. \u00a0&#8211; 1. kolo &#8211; 4.2.2017.<\/a><\/p>\n<p><a href=\"http:\/\/pubweb.carnet.hr\/ssssisn\/2017\/03\/26\/odbojkaska-liga-za-djevojcice-56-razredi-2-kolo\/\">Odbojka\u0161ka liga za djevoj\u010dice \u00a0&#8211; 2. kolo &#8211; 4.3.2017.<\/a><\/p>\n<p><strong>\u0160kolska godina 2015.\/2016.<\/strong><\/p>\n<p><a href=\"http:\/\/pubweb.carnet.hr\/ssssisn\/2015\/11\/29\/gradsko-natjecanje-u-odbojci\/\">Gradsko natjecanje u odbojci &#8211; osnovne \u0161kole &#8211; 22. studenog, 2015.<\/a><\/p>\n<p><a href=\"http:\/\/pubweb.carnet.hr\/ssssisn\/2015\/12\/03\/gradsko-natjecanje-u-odbojci-za-mladice-i-djevojke\/\">\u00a0Gradsko natjecanje u odbojci &#8211; srednje \u0161kole- 28. studenog, 2015.<\/a><\/p>\n<p><a href=\"http:\/\/pubweb.carnet.hr\/ssssisn\/2016\/02\/07\/odbojkaska-liga-za-djevojcice-5-i-6-razredi\/\">Odbojka\u0161ka liga za djevoj\u010dice 5. i 6. razredi &#8211;\u00a06. velja\u010de, 2016.<\/a><\/p>\n<p><a href=\"http:\/\/pubweb.carnet.hr\/ssssisn\/2016\/04\/05\/odbojkaska-liga-za-djevojke-2-i-3-kolo\/\">Odbojka\u0161ka liga za djevoj\u010dice \u00a03. kolo &#8211; 19. o\u017eujka, 2016.<\/a><\/p>\n<p><strong>\u0160kolska godina 2014.\/2015.<\/strong><\/p>\n<p><a title=\"Odbojka\u0161ka liga 1. kolo \u2013 O\u0160\" href=\"http:\/\/pubweb.carnet.hr\/ssssisn\/2015\/02\/02\/odbojkaska-liga-1-kolo-os\/\">Rezultati Odbojka\u0161ke lige za djevoj\u010dice- O\u0160- 1. kolo \u2013 31.1.2015.<\/a><\/p>\n<p><a href=\"http:\/\/pubweb.carnet.hr\/ssssisn\/2015\/03\/12\/odbojkaska-liga-osnovne-skole-2-kolo\/\">Rezultati Odbojka\u0161ke lige za djevoj\u010dice \u2013 O\u0160-2 .kolo \u2013 28.2.2015<\/a><\/p>\n<p><a title=\"Odbojka\u0161ka liga \u2013 O\u0160 \u2013 3. kolo\" href=\"http:\/\/pubweb.carnet.hr\/ssssisn\/2015\/04\/06\/odbojkaska-liga-os-3-kolo\/\">Rezultati Odbojka\u0161ke lige za djevoj\u010dice \u2013 O\u0160-3 .kolo \u2013 28.3.2015<\/a><\/p>\n<p><a title=\"Gradsko natjecanje u odbojci \u2013 osnovne \u0161kole\" href=\"http:\/\/pubweb.carnet.hr\/ssssisn\/2014\/12\/01\/gradsko-natjecanje-u-odbojci-osnovne-skole\/\">Gradsko natjecanje u odbojci \u2013 osnovne \u0161kole \u2013 22. studenog, 2014.<\/a><\/p>\n<p><a title=\"Gradsko natjecanje u odbojci \u2013 srednje \u0161kole\" href=\"http:\/\/pubweb.carnet.hr\/ssssisn\/2014\/11\/24\/srednje-skole-gradsko-natjecanje-u-odbojci\/\">Gradsko natjecanje u odbojci \u2013 srednje \u0161kole- 13. studenog, 2014.<\/a><\/p>\n","protected":false},"excerpt":{"rendered":"<p>&nbsp; &nbsp; \u0160kolska godina 2025.\/2026. Gradsko natjecanje u odbojci za djevojke i mladi\u0107e &#8211; 9.11.2025. Gradsko natjecanje u odbojci za dje\u010dake i djevoj\u010dice osnovnih \u0161kola &#8211; 15. 11. 2025. &nbsp; \u0160kolska godina 2024.\/2025. Gradsko natjecanje u odbojci za djevojke i mladi\u0107e &#8211; 15.11.2024. Gradsko natjecanje u odbojci za dje\u010dake i djevoj\u010dice osnovnih \u0161kola &#8211; 9. <a href=\"https:\/\/skolski-sportski-savez-samobora-i-svete-nedelje.hr\/?page_id=1328\" rel=\"nofollow\"><span class=\"sr-only\">Read more about Odbojka<\/span>[&hellip;]<\/a><\/p>\n","protected":false},"author":367,"featured_media":0,"parent":0,"menu_order":0,"comment_status":"closed","ping_status":"closed","template":"","meta":{"footnotes":""},"class_list":["post-1328","page","type-page","status-publish","hentry"],"_links":{"self":[{"href":"https:\/\/skolski-sportski-savez-samobora-i-svete-nedelje.hr\/index.php?rest_route=\/wp\/v2\/pages\/1328","targetHints":{"allow":["GET"]}}],"collection":[{"href":"https:\/\/skolski-sportski-savez-samobora-i-svete-nedelje.hr\/index.php?rest_route=\/wp\/v2\/pages"}],"about":[{"href":"https:\/\/skolski-sportski-savez-samobora-i-svete-nedelje.hr\/index.php?rest_route=\/wp\/v2\/types\/page"}],"author":[{"embeddable":true,"href":"https:\/\/skolski-sportski-savez-samobora-i-svete-nedelje.hr\/index.php?rest_route=\/wp\/v2\/users\/367"}],"replies":[{"embeddable":true,"href":"https:\/\/skolski-sportski-savez-samobora-i-svete-nedelje.hr\/index.php?rest_route=%2Fwp%2Fv2%2Fcomments&post=1328"}],"version-history":[{"count":2,"href":"https:\/\/skolski-sportski-savez-samobora-i-svete-nedelje.hr\/index.php?rest_route=\/wp\/v2\/pages\/1328\/revisions"}],"predecessor-version":[{"id":2854,"href":"https:\/\/skolski-sportski-savez-samobora-i-svete-nedelje.hr\/index.php?rest_route=\/wp\/v2\/pages\/1328\/revisions\/2854"}],"wp:attachment":[{"href":"https:\/\/skolski-sportski-savez-samobora-i-svete-nedelje.hr\/index.php?rest_route=%2Fwp%2Fv2%2Fmedia&parent=1328"}],"curies":[{"name":"wp","href":"https:\/\/api.w.org\/{rel}","templated":true}]}}