{"id":1321,"date":"2016-10-11T13:27:11","date_gmt":"2016-10-11T12:27:11","guid":{"rendered":"http:\/\/pubweb.carnet.hr\/ssssisn\/?page_id=1321"},"modified":"2026-02-22T21:57:53","modified_gmt":"2026-02-22T20:57:53","slug":"nogomet-2016-2017","status":"publish","type":"page","link":"https:\/\/skolski-sportski-savez-samobora-i-svete-nedelje.hr\/?page_id=1321","title":{"rendered":"Nogomet"},"content":{"rendered":"<p><img loading=\"lazy\" decoding=\"async\" class=\"alignleft size-full wp-image-374\" src=\"http:\/\/pubweb.carnet.hr\/ssssisn\/wp-content\/uploads\/sites\/263\/2014\/11\/nogmet1.jpg\" alt=\"nogmet1\" width=\"93\" height=\"98\" \/><\/p>\n<p><strong>\u0160kolska godina 2025.\/2026.<\/strong><\/p>\n<p><a href=\"http:\/\/pubweb.carnet.hr\/ssssisn\/2025\/12\/26\/futsal-djecaci-osnovnih-skola\/\">Gradsko natjecanje za u\u010denike osnovnih \u0161kola &#8211; 20. prosinca 2025.<\/a><\/p>\n<p><a href=\"http:\/\/pubweb.carnet.hr\/ssssisn\/2025\/12\/26\/futsal-djevojcice-os\/\">Gradsko natjecanje u futsalu za djevoj\u010dice &#8211; 13. prosinca 2025.<\/a><\/p>\n<p><a href=\"https:\/\/skolski-sportski-savez-samobora-i-svete-nedelje.hr\/2026\/02\/08\/gradsko-natjecanje-u-futsalu-za-ucenike-5-i-6-razreda-4\/\">Gradsko natjecanje u futsalu za dje\u010dake &#8211; 17. sije\u010dnja 2026.<\/a><\/p>\n<p><a href=\"https:\/\/skolski-sportski-savez-samobora-i-svete-nedelje.hr\/?p=2952\">Gradsko natjecanje u futsalu za u\u010denike srednjih \u0161kola &#8211; 27. sije\u010dnja i 10. velja\u010de 2026.<\/a><\/p>\n<hr \/>\n<p><strong>\u0160kolska godina 2024.\/2025.<\/strong><\/p>\n<p><a href=\"http:\/\/pubweb.carnet.hr\/ssssisn\/2024\/12\/19\/gradsko-natjecanje-u-futsalu-za-osnovnoskolce-2\/\">Gradsko natjecanje za u\u010denike osnovnih \u0161kola &#8211; 14.12.2024.<\/a><\/p>\n<p><a href=\"http:\/\/pubweb.carnet.hr\/ssssisn\/2024\/12\/19\/gradsko-natjecanje-u-futsalu-za-djecake-5-i-6-razreda\/\">Gradsko natjecanje u futsalu za u\u010denike 5. i 6. razreda &#8211; 7.12.2024.<\/a><\/p>\n<p><a href=\"http:\/\/pubweb.carnet.hr\/ssssisn\/2025\/02\/03\/gradsko-natjecanje-u-futsalu-za-djevojcice-2\/\">Gradsko natjecanje u futsalu za djevoj\u010dice &#8211; 25. sije\u010dnja 2025.<\/a><\/p>\n<hr \/>\n<p><strong>\u0160kolska godina 2023.\/2024.<\/strong><\/p>\n<p><a href=\"http:\/\/skolski-sportski-savez-samobora-i-svete-nedelje.hr\/2024\/04\/23\/gradsko-natjecanje-u-mini-nogometu-2\/\">Gradsko natjecanje u mini nogometu\u00a0 &#8211; 16. 4. 2024.<\/a><\/p>\n<p><a href=\"http:\/\/skolski-sportski-savez-samobora-i-svete-nedelje.hr\/2024\/01\/22\/gradsko-natjecanje-u-futsalu-za-djevojcice\/\">Gradsko natjecanje u futsalu za djevoj\u010dice &#8211; 18. 1. 2024.<\/a><\/p>\n<p><a href=\"http:\/\/skolski-sportski-savez-samobora-i-svete-nedelje.hr\/2023\/12\/11\/gradsko-natjecanje-u-futsalu-za-djecake-osnovnih-skola\/\">Gradsko natjecanje u futsalu za dje\u010dake osnovnih \u0161kola &#8211; 9. 12. 2023.<\/a><\/p>\n<p><a href=\"http:\/\/skolski-sportski-savez-samobora-i-svete-nedelje.hr\/2023\/12\/03\/gradsko-natjecanje-u-futsalu-za-ucenike-5-i-6-razreda-3\/\">Gradsko natjecanje u futsalu za u\u010denike 5. i 6. razreda &#8211; 2 .12. 2023.<\/a><\/p>\n<hr \/>\n<p><strong>\u0160kolska godina 2022.\/2023.<\/strong><\/p>\n<p><a href=\"http:\/\/skolski-sportski-savez-samobora-i-svete-nedelje.hr\/2023\/04\/25\/2200\/\">Gradsko natjecanje u mini nogometu za u\u010denike 5. i 6. razreda &#8211; 21. 4. 2023.<\/a><\/p>\n<p><a href=\"http:\/\/pubweb.carnet.hr\/ssssisn\/2023\/02\/06\/gradsko-natjecanje-u-futsalu-za-ucenice-osnovnih-skola\/\">Gradsko natjecanje za u\u010denice osnovnih \u0161kola &#8211; 4. velja\u010de 2023.\u00a0<\/a><\/p>\n<p><a href=\"http:\/\/pubweb.carnet.hr\/ssssisn\/2023\/02\/06\/gradsko-natjecanje-u-futsalu-za-mladice\/\">Gradsko natjecanje za mladi\u0107e &#8211; 28. sije\u010dnja 2023.<\/a><\/p>\n<p><a href=\"http:\/\/skolski-sportski-savez-samobora-i-svete-nedelje.hr\/2022\/12\/21\/gradsko-natjecanje-u-futsalu-za-osnovne-skole\/\">Gradsko natjecanje u futsalu za u\u010denike 5. i 6. razreda osnovnih \u0161kola &#8211; 17. 12. 2022.<\/a><\/p>\n<p><a href=\"http:\/\/skolski-sportski-savez-samobora-i-svete-nedelje.hr\/2022\/12\/13\/gradsko-natjecanje-u-futsalu-za-ucenike-osnovnih-skola-2\/\">Gradsko natjecanje u futsalu za osnovne \u0161kole &#8211; 10. 12. 2022<\/a><\/p>\n<p><a href=\"http:\/\/skolski-sportski-savez-samobora-i-svete-nedelje.hr\/2022\/12\/13\/1-kolo-futsala-za-plasman-na-zupanijsko-natjecanje\/\">Gradsko natjecanje u futsalu za srednjo\u0161kolce &#8211; 3. 12. 2022<\/a><\/p>\n<hr \/>\n<p><strong>\u0160kolska godina 2021.\/2022.<\/strong><\/p>\n<p><a href=\"http:\/\/skolski-sportski-savez-samobora-i-svete-nedelje.hr\/2022\/05\/09\/gradsko-natjecanje-u-mini-nogometu\/\">Gradsko natjecanje u mini nogometu &#8211; 29. 4. 2022.<\/a><\/p>\n<p><a href=\"http:\/\/skolski-sportski-savez-samobora-i-svete-nedelje.hr\/2022\/04\/04\/gradsko-natjecanje-u-futsalu-za-djevojcice-7-i-8-razreda\/\">Gradsko natjecanje u futsalu za djevoj\u010dice &#8211; 26. 3. 2022.<\/a><\/p>\n<p><a href=\"http:\/\/skolski-sportski-savez-samobora-i-svete-nedelje.hr\/2021\/12\/20\/gradsko-natjecanje-u-futsalu-za-ucenike-5-i-6-razreda-2\/\">Gradsko natjecanje u futsalu za u\u010denike 5. i 6. razreda &#8211; 18. 12. 2021.<\/a><\/p>\n<p><a href=\"http:\/\/skolski-sportski-savez-samobora-i-svete-nedelje.hr\/2021\/12\/20\/gradsko-natjecanje-u-futsalu-2\/\">Gradsko natjecanje u futsalu za srednjo\u0161kolce &#8211; 18. 12. 2021.<\/a><\/p>\n<p><a href=\"http:\/\/skolski-sportski-savez-samobora-i-svete-nedelje.hr\/2021\/12\/13\/gradsko-natjecanje-u-futsalu-za-osnovnoskolce\/\">Gradsko natjecanje u futsalu za osnovno\u0161kolce &#8211; 4. 12. 2021.<\/a><\/p>\n<hr \/>\n<p><strong>\u0160kolska godina 2019.\/2020.<\/strong><\/p>\n<p><a href=\"http:\/\/skolski-sportski-savez-samobora-i-svete-nedelje.hr\/2019\/12\/23\/1-kolo-gradskog-natjecanja-u-futsalu-za-mladice\/\">Gradsko natjecanje u futsalu za srednjo\u0161kolce &#8211; 21. 12. 2019.<\/a><\/p>\n<p><a href=\"http:\/\/skolski-sportski-savez-samobora-i-svete-nedelje.hr\/2019\/12\/23\/gradsko-natjecanje-u-futsalu-za-ucenike-petih-i-sestih-razreda\/\">Gradsko natjecanje u futsalu za u\u010denike 5. i 6. razreda &#8211; 14. 12. 2019.<\/a><\/p>\n<hr \/>\n<p><strong>\u0160kolska godina 2018.\/2019.<\/strong><\/p>\n<p><a href=\"http:\/\/pubweb.carnet.hr\/ssssisn\/2019\/02\/22\/gradsko-natjecanje-u-futsalu-za-srednjoskolce\/\">Gradsko natjecanje u futsalu za u\u010denike srednjih \u0161kola &#8211; 21. i 22. 2. 2019\u00a0<\/a><\/p>\n<p><a href=\"http:\/\/skolski-sportski-savez-samobora-i-svete-nedelje.hr\/2019\/02\/21\/zupanijsko-natjecanje-u-futsalu-za-djevojcice\/\">Gradsko natjecanje u futsalu za u\u010denice 7. i 8. razreda &#8211; 16.2.2019.<\/a><\/p>\n<p><a href=\"http:\/\/pubweb.carnet.hr\/ssssisn\/2018\/12\/07\/gradsko-natjecanje-u-futsalu-za-ucenike-sedmih-i-osmih-razreda-osnovnih-skola\/\">Gradsko natjecanje u futsalu za u\u010denike 7. i 8. razreda &#8211; 1.12.2018<\/a><\/p>\n<p><a href=\"http:\/\/pubweb.carnet.hr\/ssssisn\/2018\/12\/17\/gradsko-natjecanje-u-futsalu\/\">Gradsko natjecanje u futsalu za u\u010denike 5. i 6. razreda -15.12.2018.<\/a><\/p>\n<hr \/>\n<p><strong>\u0160kolska godina 2017.\/2018.<\/strong><\/p>\n<p><a href=\"http:\/\/pubweb.carnet.hr\/ssssisn\/2017\/12\/11\/gradsko-natjecanje-u-futsalu-za-ucenike-osnovnih-skola\/\">Gradsko natjecanje u futsalu za dje\u010dake &#8211; 2.12.2017.<\/a><\/p>\n<p><a href=\"http:\/\/pubweb.carnet.hr\/ssssisn\/2017\/12\/19\/gradsko-natjecanje-u-futsalu-za-ucenike-5-i-6-razreda\/\">Gradsko natjecanje u futsalu za dje\u010dake -5. i 6. razredi\u00a0 &#8211; 16.12.2017<\/a><\/p>\n<p><a href=\"http:\/\/pubweb.carnet.hr\/ssssisn\/2017\/12\/19\/1-kolo-gradskog-natjecanja-u-futsalu-za-srednjoskolce\/\">Gradsko natjecanje u futsalu za u\u010denike srednjih \u0161kola- 1. kolo, 15.12.2017.\u00a0<\/a><\/p>\n<p><a href=\"http:\/\/skolski-sportski-savez-samobora-i-svete-nedelje.hr\/2018\/03\/12\/2-kolo\/\">Gradsko natjecanje u futsalu za srednjo\u0161kolce &#8211; 2. kolo -12. 3. 2018.<\/a><\/p>\n<hr \/>\n<p><strong>\u0160kolska godina 2016.\/2017.<\/strong><\/p>\n<p><a href=\"http:\/\/skolski-sportski-savez-samobora-i-svete-nedelje.hr\/2016\/12\/19\/gradsko-natjecanje-futsalu-za-ucenike-5-i-6-razreda\/\">Gradsko natjecanje u futsalu za u\u010denike 5. i 6. razreda &#8211; 17. 12. 2016.<\/a><\/p>\n<p><a href=\"http:\/\/pubweb.carnet.hr\/ssssisn\/2017\/01\/09\/futsal-srednje-skole-prvo-kolo\/\">Gradsko natjecanje u futsalu za u\u010denike srednjih \u0161kola- 1. kolo, 10.12.2016.<\/a><\/p>\n<p><a href=\"http:\/\/skolski-sportski-savez-samobora-i-svete-nedelje.hr\/2016\/12\/09\/gradsko-natjecanje-u-futsalu-osnovne-skole-3\/\">Gradsko natjecanje u futsalu za osnovno\u0161kolce &#8211; 3. 12. 2016.<\/a><\/p>\n<p><a href=\"http:\/\/pubweb.carnet.hr\/ssssisn\/2017\/02\/08\/futsal-drugo-kolo\/\">Gradsko natjecanje u futsalu &#8211; drugo kolo &#8211; 8.2.2017.<\/a><\/p>\n<hr \/>\n<p style=\"text-align: left\"><strong>\u0160kolska godina 2015.\/2016.\u00a0 \u00a0 \u00a0 \u00a0<\/strong><\/p>\n<p><a title=\"Odmorko \u2013 nogomet \u2013 o\u0161 -5 i 6. razredi\" href=\"http:\/\/pubweb.carnet.hr\/ssssisn\/2015\/12\/08\/futsal-osnovne-skole\/\">Gradsko natjecanje u futsalu &#8211; osnovne \u0161kole,\u00a0\u00a05 i 6. razredi -5. prosinca, 2015.\u00a0<\/a><\/p>\n<p><a href=\"http:\/\/pubweb.carnet.hr\/ssssisn\/2015\/12\/20\/futsal-djecaci-5-i-6-razredi\/\">Gradsko natjecanje u futsalu\u00a0&#8211; osnovne \u0161kole, 5. i 6. razredi\u00a0\u00a0&#8211; 19. prosinca, 2015.<\/a><\/p>\n<p><a href=\"http:\/\/pubweb.carnet.hr\/ssssisn\/2015\/12\/14\/futsal-srednje-skole\/\">Gradsko natjecanje u futsalu &#8211; srednje \u0161kole &#8211; 1. kolo &#8211; 12. prosinca, 2015.<\/a><\/p>\n<p><a href=\"http:\/\/pubweb.carnet.hr\/ssssisn\/2016\/02\/07\/strukovnjaci-zasluzeno-najbolji\/\"><span style=\"text-decoration: underline\">Gradsko natjecanje u futsalu &#8211; srednje \u0161kole &#8211; 2. kolo &#8211; 6. velja\u010de, 2016.<\/span><\/a><\/p>\n<p><a href=\"http:\/\/pubweb.carnet.hr\/ssssisn\/2016\/12\/09\/gradsko-natjecanje-u-futsalu-osnovne-skole-3\/\">Gradsko natjecanje u futsalu &#8211; osnovne \u0161kole &#8211; dje\u010daci<\/a><\/p>\n<hr \/>\n<p><strong>\u0160kolska godina 2014.\/2015.<\/strong><\/p>\n<p><a href=\"http:\/\/pubweb.carnet.hr\/ssssisn\/2016\/12\/19\/gradsko-natjecanje-futsalu-za-ucenike-5-i-6-razreda\/\">Gradsko natjecanje u futsalu za u\u010denike 5. i 6. razreda osnovnih \u0161kola<\/a><\/p>\n<p><a title=\"Odmorko \u2013 nogomet \u2013 o\u0161 -5 i 6. razredi\" href=\"http:\/\/pubweb.carnet.hr\/ssssisn\/2015\/01\/09\/odmorko-nogomet-os-5-i-6-razredi\/\">Gradsko natjecanje u futsalu &#8211; osnovne \u0161kole,\u00a0\u00a05 i 6. razredi -20. prosinca, 2014.\u00a0<\/a><\/p>\n<p><a title=\"Gradsko natjecanje u futsalu \u2013 osnovne \u0161kole\" href=\"http:\/\/pubweb.carnet.hr\/ssssisn\/2014\/12\/08\/gradsko-natjecanje-u-futsalu-osnovne-skole\/\">Gradsko natjecanje u futsalu\u00a0&#8211; osnovne \u0161kole, 7. i 8. razredi &#8211; 6. prosinca, 2014.<\/a><\/p>\n<p><a title=\"Gradsko natjecanje u futsalu \u2013 srednje \u0161kole\" href=\"http:\/\/pubweb.carnet.hr\/ssssisn\/2014\/12\/15\/gradsko-natjecanje-u-futsalu-srednje-skole\/\">Gradsko natjecanje u futsalu &#8211; srednje \u0161kole &#8211; 1. kolo &#8211; 13. prosinca, 2014.<\/a><\/p>\n<p><a href=\"http:\/\/pubweb.carnet.hr\/ssssisn\/2015\/03\/12\/gradsko-natjecanje-u-futsalu-2-kolo-srednje-skole\/\"><span style=\"text-decoration: underline\">Gradsko natjecanje u futsalu &#8211; srednje \u0161kole &#8211; 2. kolo &#8211; 14. velja\u010de, 2015.<\/span><\/a><\/p>\n<hr \/>\n","protected":false},"excerpt":{"rendered":"<p>\u0160kolska godina 2025.\/2026. Gradsko natjecanje za u\u010denike osnovnih \u0161kola &#8211; 20. prosinca 2025. Gradsko natjecanje u futsalu za djevoj\u010dice &#8211; 13. prosinca 2025. Gradsko natjecanje u futsalu za dje\u010dake &#8211; 17. sije\u010dnja 2026. Gradsko natjecanje u futsalu za u\u010denike srednjih \u0161kola &#8211; 27. sije\u010dnja i 10. velja\u010de 2026. \u0160kolska godina 2024.\/2025. Gradsko natjecanje za u\u010denike <a href=\"https:\/\/skolski-sportski-savez-samobora-i-svete-nedelje.hr\/?page_id=1321\" rel=\"nofollow\"><span class=\"sr-only\">Read more about Nogomet<\/span>[&hellip;]<\/a><\/p>\n","protected":false},"author":367,"featured_media":0,"parent":0,"menu_order":0,"comment_status":"closed","ping_status":"closed","template":"","meta":{"footnotes":""},"class_list":["post-1321","page","type-page","status-publish","hentry"],"_links":{"self":[{"href":"https:\/\/skolski-sportski-savez-samobora-i-svete-nedelje.hr\/index.php?rest_route=\/wp\/v2\/pages\/1321","targetHints":{"allow":["GET"]}}],"collection":[{"href":"https:\/\/skolski-sportski-savez-samobora-i-svete-nedelje.hr\/index.php?rest_route=\/wp\/v2\/pages"}],"about":[{"href":"https:\/\/skolski-sportski-savez-samobora-i-svete-nedelje.hr\/index.php?rest_route=\/wp\/v2\/types\/page"}],"author":[{"embeddable":true,"href":"https:\/\/skolski-sportski-savez-samobora-i-svete-nedelje.hr\/index.php?rest_route=\/wp\/v2\/users\/367"}],"replies":[{"embeddable":true,"href":"https:\/\/skolski-sportski-savez-samobora-i-svete-nedelje.hr\/index.php?rest_route=%2Fwp%2Fv2%2Fcomments&post=1321"}],"version-history":[{"count":2,"href":"https:\/\/skolski-sportski-savez-samobora-i-svete-nedelje.hr\/index.php?rest_route=\/wp\/v2\/pages\/1321\/revisions"}],"predecessor-version":[{"id":2955,"href":"https:\/\/skolski-sportski-savez-samobora-i-svete-nedelje.hr\/index.php?rest_route=\/wp\/v2\/pages\/1321\/revisions\/2955"}],"wp:attachment":[{"href":"https:\/\/skolski-sportski-savez-samobora-i-svete-nedelje.hr\/index.php?rest_route=%2Fwp%2Fv2%2Fmedia&parent=1321"}],"curies":[{"name":"wp","href":"https:\/\/api.w.org\/{rel}","templated":true}]}}