{"id":1319,"date":"2016-10-11T13:26:43","date_gmt":"2016-10-11T12:26:43","guid":{"rendered":"http:\/\/pubweb.carnet.hr\/ssssisn\/?page_id=1319"},"modified":"2026-02-22T21:50:35","modified_gmt":"2026-02-22T20:50:35","slug":"kosarka-2016-2017","status":"publish","type":"page","link":"https:\/\/skolski-sportski-savez-samobora-i-svete-nedelje.hr\/?page_id=1319","title":{"rendered":"Ko\u0161arka"},"content":{"rendered":"<p><img loading=\"lazy\" decoding=\"async\" class=\"alignleft size-full wp-image-330\" src=\"http:\/\/pubweb.carnet.hr\/ssssisn\/wp-content\/uploads\/sites\/263\/2014\/11\/ko\u0161arka1-e1416951789323.jpg\" alt=\"ko\u0161arka1\" width=\"110\" height=\"110\" \/><\/p>\n<h4>\u0160kolska godina 2025.\/2026.<\/h4>\n<p><a href=\"https:\/\/skolski-sportski-savez-samobora-i-svete-nedelje.hr\/2026\/02\/08\/gradsko-natjecanje-u-kosarci-za-ucenike-5-i-6-razreda-osnovnih-skola-2\/\">Gradsko natjecanje u ko\u0161arci za u\u010denike 5. i 6. razreda &#8211; 19. 1. 2026.<\/a><\/p>\n<p><a href=\"https:\/\/skolski-sportski-savez-samobora-i-svete-nedelje.hr\/?p=2942\">Gradsko natjecanje u ko\u0161arci 3 na 3 za u\u010denike osnovnih \u0161kola &#8211; 21. 2. 2026.<\/a><\/p>\n<p><a href=\"https:\/\/skolski-sportski-savez-samobora-i-svete-nedelje.hr\/?p=2949\">Gradsko natjecanje u ko\u0161arci 3 na 3 za u\u010denike srednjih \u0161kola &#8211; 20. 2. 2026.<\/a><\/p>\n<h4>\u0160kolska godina 2024.\/2025.<\/h4>\n<p><a href=\"http:\/\/pubweb.carnet.hr\/ssssisn\/2024\/11\/22\/gradsko-natjecanje-u-kosarci-za-mladice\/\">Gradsko natjecanje u ko\u0161arci za u\u010denike srednjih \u0161kola &#8211; 16.11.2024.<\/a><\/p>\n<p><a href=\"http:\/\/pubweb.carnet.hr\/ssssisn\/2024\/10\/21\/gradsko-natjecanje-u-kosarci-6\/\">Gradsko natjecanje u ko\u0161arci za u\u010denike osnovnih \u0161kola\u00a0 &#8211; 9.11.2024.\u00a0<\/a><\/p>\n<p><strong>\u0160kolska godina 2023.\/2024.<\/strong><\/p>\n<p><a href=\"http:\/\/skolski-sportski-savez-samobora-i-svete-nedelje.hr\/2024\/10\/21\/gradsko-natjecanje-u-kosarci-6\/\">Gradsko natjecanje u ko\u0161arci za u\u010denike osnovnih \u0161kola &#8211; 19. 10. 2024.<\/a><\/p>\n<p><a href=\"http:\/\/skolski-sportski-savez-samobora-i-svete-nedelje.hr\/2024\/04\/23\/gradsko-natjecanje-u-kosarci-za-ucenike-5-i-6-razreda-osnovnih-skola\/\">Gradsko natjecanje u ko\u0161arci za u\u010denike 5. i 6. razreda osnovnih \u0161kola &#8211; 1. 3. 2024.<\/a><\/p>\n<p><a href=\"http:\/\/skolski-sportski-savez-samobora-i-svete-nedelje.hr\/2023\/11\/10\/gradsko-natjecanje-u-kosarci-za-ucenike-srednjih-skola-3\/\">Gradsko natjecanje u ko\u0161arci za srednjo\u0161kolce &#8211; 21. 11. 2023.<\/a><\/p>\n<p><a href=\"http:\/\/skolski-sportski-savez-samobora-i-svete-nedelje.hr\/2023\/10\/16\/gradsko-natjecanje-u-kosarci-5\/\">Gradsko natjecanje u ko\u0161arci za u\u010denike osnovnih \u0161kola &#8211; 14. 10. 2023.<\/a><\/p>\n<p><strong>\u0160kolska godina 2022.\/2023.<\/strong><\/p>\n<p><a href=\"http:\/\/skolski-sportski-savez-samobora-i-svete-nedelje.hr\/2022\/10\/25\/gradsko-natjecanje-u-kosarci-za-ucenike-osnovnih-skola-3\/\">Gradsko natjecanje u ko\u0161arci za u\u010denike osnovnih \u0161kola &#8211; 15. 10. 2022<\/a><\/p>\n<p><a href=\"http:\/\/skolski-sportski-savez-samobora-i-svete-nedelje.hr\/2022\/10\/25\/gradsko-natjecanje-u-kosarci-za-ucenike-srednjih-skola-2\/\">Gradsko natjecanje u ko\u0161arci za u\u010denike srednjih \u0161kola &#8211; 22. 10. 2022<\/a><\/p>\n<p><strong>\u0160kolska godina 2021.\/2022.<\/strong><\/p>\n<p><a href=\"http:\/\/skolski-sportski-savez-samobora-i-svete-nedelje.hr\/2022\/04\/04\/2038\/\">Gradsko natjecanje u ko\u0161arci za u\u010denike osnovnih \u0161kola &#8211; 19. 2. 2022.<\/a><\/p>\n<p><a href=\"http:\/\/skolski-sportski-savez-samobora-i-svete-nedelje.hr\/2021\/11\/30\/gradsko-natjecanje-u-kosarci-za-srednje-skole\/\">Gradsko natjecanje u ko\u0161arci za u\u010denike srednjih \u0161kola &#8211; 20. 11. 2021<\/a><\/p>\n<p><a href=\"http:\/\/skolski-sportski-savez-samobora-i-svete-nedelje.hr\/2021\/10\/13\/gradsko-natjecanje-u-kosarci-za-djecake-osnovnih-skola\/\">Gradsko natjecanje u ko\u0161arci za u\u010denike osnovnih \u0161kola &#8211; 9. 10. 2021.<\/a><\/p>\n<p><strong>\u0160kolska godina 2019.\/2020.<\/strong><\/p>\n<p><a href=\"http:\/\/pubweb.carnet.hr\/ssssisn\/2019\/11\/10\/gradsko-natjecanje-u-kosarci-4\/\">Gradsko natjecanje u ko\u0161arci za mladi\u0107e- 2.11.2019<\/a><\/p>\n<p><a href=\"http:\/\/pubweb.carnet.hr\/ssssisn\/2019\/11\/10\/gradsko-natjecanje-u-kosarci-za-osnovnoskolce\/\">Gradsko natjecanje u ko\u0161arci za u\u010denike osnovnih \u0161kola &#8211; 12.10.2019.<\/a><\/p>\n<p><strong>\u0160kolska godina 2018.\/2019.<\/strong><\/p>\n<p><a href=\"http:\/\/pubweb.carnet.hr\/ssssisn\/2018\/11\/14\/gradsko-natjecanje-u-kosarci-3\/\">Gradsko natjecanje u ko\u0161arci za mladi\u0107e- 10.11.2018<\/a><\/p>\n<p><a href=\"http:\/\/pubweb.carnet.hr\/ssssisn\/2018\/10\/22\/gradsko-natjecanje-u-kosarci-za-ucenike-osnovnih-skola-2\/\">Gradsko natjecanje u ko\u0161arci za u\u010denike osnovnih \u0161kola &#8211; 20.10.2018.<\/a><\/p>\n<p><a href=\"http:\/\/skolski-sportski-savez-samobora-i-svete-nedelje.hr\/2019\/04\/11\/1804\/\">Gradsko natjecanje u ko\u0161arci za u\u010denike 5. i 6. razreda &#8211; 6. 4. 2019.<\/a><\/p>\n<p><strong>\u0160kolska godina 2017.\/2018.<\/strong><\/p>\n<p><a href=\"http:\/\/pubweb.carnet.hr\/ssssisn\/2017\/11\/17\/gradsko-natjecanje-u-kosarci-za-ucenike-srednjih-skola\/\">Gradsko natjecanje\u00a0 u ko\u0161arci za srednje \u0161kole &#8211; 4.11.2017.<\/a><\/p>\n<p><a href=\"http:\/\/pubweb.carnet.hr\/ssssisn\/2017\/10\/16\/gradsko-natjecanje-u-kosarci-za-ucenike-osnovnih-skola\/\">Gradsko natjecanje u ko\u0161arci za osnovne \u0161kole &#8211; 14.10.2017.<\/a><\/p>\n<p><strong>\u0160kolska godina 2016.\/2017.<\/strong><\/p>\n<p><a href=\"http:\/\/pubweb.carnet.hr\/ssssisn\/2016\/11\/13\/gradsko-natjecanje-u-kosarci-2\/\">Gradsko natjecanje za osnovne \u0161kole &#8211; 5.11.2016.<\/a><\/p>\n<p><a href=\"http:\/\/skolski-sportski-savez-samobora-i-svete-nedelje.hr\/2016\/11\/21\/gradsko-natjecanje-u-odbojci-za-srednje-skole\/\">Gradsko natjecanje za srednje \u0161kole &#8211; 12.11.2016.<\/a><\/p>\n<p><strong>\u0160kolska godina 2015.\/2016.<\/strong><\/p>\n<p><a href=\"http:\/\/pubweb.carnet.hr\/ssssisn\/2015\/11\/29\/gradsko-natjecanje-u-kosarci\/\">Gradsko natjecanje u ko\u0161arci &#8211; srednje \u0161kole &#8211; 14. 11. 2015.<\/a><\/p>\n<p><strong>\u0160kolska godina 2014.\/2015.<\/strong><\/p>\n<p><a title=\"Osnovne i srednje \u0161kole \u2013 Gradsko natjecanje u ko\u0161arci\" href=\"http:\/\/pubweb.carnet.hr\/ssssisn\/2014\/11\/24\/osnovne-i-srednje-skole-gradsko-natjecanje-u-kosarci\/\">Gradsko natjecanje u ko\u0161arci -srednje i osnovne \u0161kole &#8211;\u00a0\u00a015. studenoga,\u00a02014.<\/a><\/p>\n","protected":false},"excerpt":{"rendered":"<p>\u0160kolska godina 2025.\/2026. Gradsko natjecanje u ko\u0161arci za u\u010denike 5. i 6. razreda &#8211; 19. 1. 2026. Gradsko natjecanje u ko\u0161arci 3 na 3 za u\u010denike osnovnih \u0161kola &#8211; 21. 2. 2026. Gradsko natjecanje u ko\u0161arci 3 na 3 za u\u010denike srednjih \u0161kola &#8211; 20. 2. 2026. \u0160kolska godina 2024.\/2025. Gradsko natjecanje u ko\u0161arci za <a href=\"https:\/\/skolski-sportski-savez-samobora-i-svete-nedelje.hr\/?page_id=1319\" rel=\"nofollow\"><span class=\"sr-only\">Read more about Ko\u0161arka<\/span>[&hellip;]<\/a><\/p>\n","protected":false},"author":367,"featured_media":0,"parent":0,"menu_order":0,"comment_status":"closed","ping_status":"closed","template":"","meta":{"footnotes":""},"class_list":["post-1319","page","type-page","status-publish","hentry"],"_links":{"self":[{"href":"https:\/\/skolski-sportski-savez-samobora-i-svete-nedelje.hr\/index.php?rest_route=\/wp\/v2\/pages\/1319","targetHints":{"allow":["GET"]}}],"collection":[{"href":"https:\/\/skolski-sportski-savez-samobora-i-svete-nedelje.hr\/index.php?rest_route=\/wp\/v2\/pages"}],"about":[{"href":"https:\/\/skolski-sportski-savez-samobora-i-svete-nedelje.hr\/index.php?rest_route=\/wp\/v2\/types\/page"}],"author":[{"embeddable":true,"href":"https:\/\/skolski-sportski-savez-samobora-i-svete-nedelje.hr\/index.php?rest_route=\/wp\/v2\/users\/367"}],"replies":[{"embeddable":true,"href":"https:\/\/skolski-sportski-savez-samobora-i-svete-nedelje.hr\/index.php?rest_route=%2Fwp%2Fv2%2Fcomments&post=1319"}],"version-history":[{"count":3,"href":"https:\/\/skolski-sportski-savez-samobora-i-svete-nedelje.hr\/index.php?rest_route=\/wp\/v2\/pages\/1319\/revisions"}],"predecessor-version":[{"id":2951,"href":"https:\/\/skolski-sportski-savez-samobora-i-svete-nedelje.hr\/index.php?rest_route=\/wp\/v2\/pages\/1319\/revisions\/2951"}],"wp:attachment":[{"href":"https:\/\/skolski-sportski-savez-samobora-i-svete-nedelje.hr\/index.php?rest_route=%2Fwp%2Fv2%2Fmedia&parent=1319"}],"curies":[{"name":"wp","href":"https:\/\/api.w.org\/{rel}","templated":true}]}}